{"id":4028,"date":"2026-01-05T13:09:56","date_gmt":"2026-01-05T12:09:56","guid":{"rendered":"https:\/\/svornitologia.org\/?page_id=4028"},"modified":"2026-01-05T13:12:51","modified_gmt":"2026-01-05T12:12:51","slug":"el-juego-del-ave-diaria","status":"publish","type":"page","link":"https:\/\/svornitologia.org\/es\/el-juego-del-ave-diaria\/","title":{"rendered":"El Juego del Ave Diaria"},"content":{"rendered":"<div class=\"wpb-content-wrapper\"><p>[vc_row][vc_column width=&#8221;2\/3&#8243;][vc_custom_heading text=&#8221;El Juego del Ave Diaria&#8221; font_container=&#8221;tag:h1|text_align:left&#8221; use_theme_fonts=&#8221;yes&#8221; css=&#8221;&#8221; heading_style=&#8221;style_2&#8243; el_class=&#8221;secondary-font&#8221;][vc_column_text css=&#8221;&#8221;]La <strong>Sociedad Valenciana de Ornitolog\u00eda<\/strong> (SVO) os anima a participar en un reto ornitol\u00f3gico que puede durar todo un a\u00f1o.<\/p>\n<p data-start=\"383\" data-end=\"553\">Este juego se ha llevado a cabo durante <strong data-start=\"418\" data-end=\"443\">tres a\u00f1os en Catalu\u00f1a<\/strong>, impulsado por <strong data-start=\"458\" data-end=\"476\">Salvador Cases<\/strong> a trav\u00e9s del blog:<br data-start=\"494\" data-end=\"497\" \/><strong data-start=\"500\" data-end=\"517\">L\u2019Ocell Diari<\/strong>: <a class=\"decorated-link\" href=\"https:\/\/ocelldiari.blogspot.com\/\" target=\"_new\" rel=\"noopener\" data-start=\"519\" data-end=\"551\">https:\/\/ocelldiari.blogspot.com\/<\/a><\/p>\n<p data-start=\"555\" data-end=\"717\">Ahora, desde la SVO, <strong data-start=\"574\" data-end=\"599\">recogemos el relevo<\/strong> y queremos hacerlo extensivo a la <strong data-start=\"627\" data-end=\"644\">Comunitat Valenciana<\/strong>, manteniendo el esp\u00edritu original del juego y adapt\u00e1ndolo a nuestro territorio.<\/p>\n<p><strong>Resumen r\u00e1pido de las normas del juego:<\/strong><\/p>\n<ol>\n<li>A partir del 1 de enero, cada d\u00eda y antes de la medianoche, cada participante deber\u00e1 anotar un ave que haya visto u o\u00eddo ese d\u00eda. Una vez anotada, no se puede cambiar.<\/li>\n<li>No se puede repetir especie. El d\u00eda en que no se pueda anotar ning\u00fan ave nueva, el jugador queda eliminado.<\/li>\n<li>Son v\u00e1lidas las aves de las categor\u00edas A y C. Para determinar la categor\u00eda de las especies en la Comunitat Valenciana se utiliza la lista de la SEO. En Catalu\u00f1a se utiliza la Lista de las Aves de Catalu\u00f1a (ICO, 2024). En cuanto a las especies que en la lista tienen m\u00e1s de una categor\u00eda, si una de las categor\u00edas es A o C, se pueden considerar v\u00e1lidas para el juego. Siempre deben estar en libertad.\n<ul>\n<li>Se puede contar un ave si se la ve en el momento de su liberaci\u00f3n despu\u00e9s de haber pasado por un centro de recuperaci\u00f3n de fauna o tras haber sido anillada.<\/li>\n<li>A partir de 2026 la taxonom\u00eda v\u00e1lida ser\u00e1 la de AviList (por lo tanto, ya no cuentan la pardela balear, la corneja cenicienta, etc.).<\/li>\n<\/ul>\n<\/li>\n<li>Vale todo el planeta.<\/li>\n<li>Queremos hacer una recopilaci\u00f3n de los nombres locales de las aves, por lo que agradeceremos que indiqu\u00e9is el nombre local junto con el nombre cient\u00edfico.<\/li>\n<\/ol>\n<p>[\/vc_column_text][vc_separator css=&#8221;&#8221;][vc_column_text css=&#8221;&#8221;]<strong>\u00bfInteresados\/as?<\/strong><\/p>\n<p>Enviad un correo a tresoreria@svornitologia.org antes del 31 de diciembre.[\/vc_column_text][vc_empty_space height=&#8221;85px&#8221;][\/vc_column][vc_column width=&#8221;1\/3&#8243;][vc_empty_space height=&#8221;85px&#8221;][vc_single_image image=&#8221;3995&#8243; img_size=&#8221;full&#8221; css=&#8221;&#8221;][\/vc_column][\/vc_row]<\/p>\n<\/div>","protected":false},"excerpt":{"rendered":"<p>[vc_row][vc_column width=&#8221;2\/3&#8243;][vc_custom_heading text=&#8221;El Juego del Ave Diaria&#8221; font_container=&#8221;tag:h1|text_align:left&#8221; use_theme_fonts=&#8221;yes&#8221; css=&#8221;&#8221; heading_style=&#8221;style_2&#8243; el_class=&#8221;secondary-font&#8221;][vc_column_text css=&#8221;&#8221;]La Sociedad Valenciana de Ornitolog\u00eda (SVO) os anima a participar en un reto ornitol\u00f3gico que puede durar todo un a\u00f1o. Este juego se ha llevado a cabo durante tres a\u00f1os en Catalu\u00f1a, impulsado por Salvador Cases a trav\u00e9s del blog:L\u2019Ocell Diari: https:\/\/ocelldiari.blogspot.com\/ Ahora, [&hellip;]<\/p>\n","protected":false},"author":4,"featured_media":0,"parent":0,"menu_order":0,"comment_status":"closed","ping_status":"closed","template":"","meta":{"footnotes":""},"class_list":["post-4028","page","type-page","status-publish","hentry","clearfix"],"_links":{"self":[{"href":"https:\/\/svornitologia.org\/es\/wp-json\/wp\/v2\/pages\/4028","targetHints":{"allow":["GET"]}}],"collection":[{"href":"https:\/\/svornitologia.org\/es\/wp-json\/wp\/v2\/pages"}],"about":[{"href":"https:\/\/svornitologia.org\/es\/wp-json\/wp\/v2\/types\/page"}],"author":[{"embeddable":true,"href":"https:\/\/svornitologia.org\/es\/wp-json\/wp\/v2\/users\/4"}],"replies":[{"embeddable":true,"href":"https:\/\/svornitologia.org\/es\/wp-json\/wp\/v2\/comments?post=4028"}],"version-history":[{"count":1,"href":"https:\/\/svornitologia.org\/es\/wp-json\/wp\/v2\/pages\/4028\/revisions"}],"predecessor-version":[{"id":4029,"href":"https:\/\/svornitologia.org\/es\/wp-json\/wp\/v2\/pages\/4028\/revisions\/4029"}],"wp:attachment":[{"href":"https:\/\/svornitologia.org\/es\/wp-json\/wp\/v2\/media?parent=4028"}],"curies":[{"name":"wp","href":"https:\/\/api.w.org\/{rel}","templated":true}]}}