{"id":2972,"date":"2020-03-19T12:17:24","date_gmt":"2020-03-19T12:17:24","guid":{"rendered":"https:\/\/svornitologia.org\/?page_id=2972"},"modified":"2025-12-05T13:47:12","modified_gmt":"2025-12-05T12:47:12","slug":"proyecto-aus","status":"publish","type":"page","link":"https:\/\/svornitologia.org\/es\/proyecto-aus\/","title":{"rendered":"Proyecto AUS"},"content":{"rendered":"<p>El <strong>Proyecto AUS: Aprende Utilizando los Sentidos,<\/strong>\u00a0<strong>va dirigido a los ni\u00f1os hospitalizados<\/strong> y consiste en la realizaci\u00f3n de talleres y actividades educativas sobre las aves y la naturaleza para concienciar sobre la importancia de su cuidado y conservaci\u00f3n.<\/p>\n<p>El <strong>objetivo principal<\/strong> del proyecto es <strong>divulgar, concienciar y educar sobre el mundo de las aves, contribuyendo a que la estancia de los ni\u00f1os hospitalizados sea m\u00e1s agradable<\/strong> mediante el acercamiento de la naturaleza a trav\u00e9s de las aves.<\/p>\n<p><img loading=\"lazy\" decoding=\"async\" class=\"aligncenter size-full wp-image-2973\" src=\"https:\/\/svornitologia.org\/wp-content\/uploads\/2020\/03\/AUS.jpg\" alt=\"\" width=\"878\" height=\"539\" srcset=\"https:\/\/svornitologia.org\/wp-content\/uploads\/2020\/03\/AUS.jpg 878w, https:\/\/svornitologia.org\/wp-content\/uploads\/2020\/03\/AUS-300x184.jpg 300w, https:\/\/svornitologia.org\/wp-content\/uploads\/2020\/03\/AUS-768x471.jpg 768w\" sizes=\"auto, (max-width: 878px) 100vw, 878px\" \/>Los<strong> objetivos espec\u00edficos<\/strong> son:<\/p>\n<ul>\n<li>Divulgar los valores sobre la naturaleza y su biodiversidad en general y las aves en particular.<\/li>\n<li>Educar sobre la biolog\u00eda las aves.<\/li>\n<li>Concienciar sobre la conservaci\u00f3n del medio ambiente como h\u00e1bitat de las aves.<\/li>\n<\/ul>\n<p>El \u201cproyecto AUS\u201d est\u00e1 inspirado en experiencias similares que ya se est\u00e1n llevando a cabo en otros hospitales, como por ejemplo el \u201cAula de la Naturaleza\u201d en el Hospital Infantil del Ni\u00f1o Jes\u00fas de Madrid. Tiene sus antecedentes en el Taller \u201cConocer las Aves\u201d en la Escuela del Hospital Cl\u00ednico Universitario de Valencia que se ha venido realizando desde hace 4 a\u00f1os por la bi\u00f3loga Alicia Negredo, coordinadora de AUS, que trabaja en dicho hospital y es socia y colaboradora de la <em>Societat Valenciana d&#8217;Ornitologia (SVO)<\/em>.<\/p>\n<p><img loading=\"lazy\" decoding=\"async\" class=\"aligncenter size-full wp-image-2978\" src=\"https:\/\/svornitologia.org\/wp-content\/uploads\/2020\/03\/aus2.jpg\" alt=\"\" width=\"645\" height=\"442\" srcset=\"https:\/\/svornitologia.org\/wp-content\/uploads\/2020\/03\/aus2.jpg 645w, https:\/\/svornitologia.org\/wp-content\/uploads\/2020\/03\/aus2-300x206.jpg 300w\" sizes=\"auto, (max-width: 645px) 100vw, 645px\" \/>Este proyecto que nace como una propuesta de colaboraci\u00f3n de la SVO para realizaci\u00f3n de actividades de sensibilizaci\u00f3n y educaci\u00f3n ambiental con los ni\u00f1os ingresados en el Hospital Cl\u00ednico, sobre el mundo de las aves, fue presentando oficialmente el 5 de octubre de 2019 durante el acto de celebraci\u00f3n del 25\u00ba aniversario de la Sociedad Valenciana de Ornitolog\u00eda (SVO), y se ha puesto en marcha durante el curso escolar 2019-2020.<\/p>\n<p>La metodolog\u00eda de las <strong>actividades<\/strong> que realiza AUS es educativa y participativa a trav\u00e9s de <strong>charlas, talleres y juegos<\/strong>, impartidos de una forma amena y motivadora para transmitir, no s\u00f3lo conocimientos, sino valores como el cuidado y amor hacia las aves y su entorno.<\/p>\n<p><img loading=\"lazy\" decoding=\"async\" class=\"aligncenter size-full wp-image-2977\" src=\"https:\/\/svornitologia.org\/wp-content\/uploads\/2020\/03\/aus4.jpg\" alt=\"\" width=\"573\" height=\"424\" srcset=\"https:\/\/svornitologia.org\/wp-content\/uploads\/2020\/03\/aus4.jpg 573w, https:\/\/svornitologia.org\/wp-content\/uploads\/2020\/03\/aus4-300x222.jpg 300w\" sizes=\"auto, (max-width: 573px) 100vw, 573px\" \/>Las actividades se realizan en grupos peque\u00f1os de 3 a 6 ni\u00f1os aproximadamente, de edades comprendidas entre 4 y 14 a\u00f1os, y participando tambi\u00e9n en alguna ocasi\u00f3n, las profesoras y las madres de algunos de los ni\u00f1os.<\/p>\n<p>Destacar que se trata de un proyecto novedoso, ya que son pocos hospitales en Espa\u00f1a que cuentan con alguna actividad de educaci\u00f3n ambiental y menos a\u00fan con un proyecto espec\u00edfico sobre aves, donde la SVO tiene la oportunidad de aportar su granito de arena en un \u00e1rea, la sanitaria, casi siempre olvidada para este tipo de actividades.<\/p>\n<p><img loading=\"lazy\" decoding=\"async\" class=\"aligncenter size-full wp-image-2987\" src=\"https:\/\/svornitologia.org\/wp-content\/uploads\/2020\/03\/aus5.jpg\" alt=\"\" width=\"402\" height=\"647\" srcset=\"https:\/\/svornitologia.org\/wp-content\/uploads\/2020\/03\/aus5.jpg 402w, https:\/\/svornitologia.org\/wp-content\/uploads\/2020\/03\/aus5-186x300.jpg 186w\" sizes=\"auto, (max-width: 402px) 100vw, 402px\" \/><\/p>\n\n\n<p><strong>Email de contacto: svo@svornitologia.org<\/strong><\/p>\n\n\n\n<div style=\"height:60px\" aria-hidden=\"true\" class=\"wp-block-spacer\"><\/div>\n","protected":false},"excerpt":{"rendered":"<p>El Proyecto AUS: Aprende Utilizando los Sentidos,\u00a0va dirigido a los ni\u00f1os hospitalizados y consiste en la realizaci\u00f3n de talleres y actividades educativas sobre las aves y la naturaleza para concienciar sobre la importancia de su cuidado y conservaci\u00f3n. El objetivo principal del proyecto es divulgar, concienciar y educar sobre el mundo de las aves, contribuyendo [&hellip;]<\/p>\n","protected":false},"author":1,"featured_media":0,"parent":0,"menu_order":0,"comment_status":"closed","ping_status":"closed","template":"","meta":{"footnotes":""},"class_list":["post-2972","page","type-page","status-publish","hentry","clearfix"],"_links":{"self":[{"href":"https:\/\/svornitologia.org\/es\/wp-json\/wp\/v2\/pages\/2972","targetHints":{"allow":["GET"]}}],"collection":[{"href":"https:\/\/svornitologia.org\/es\/wp-json\/wp\/v2\/pages"}],"about":[{"href":"https:\/\/svornitologia.org\/es\/wp-json\/wp\/v2\/types\/page"}],"author":[{"embeddable":true,"href":"https:\/\/svornitologia.org\/es\/wp-json\/wp\/v2\/users\/1"}],"replies":[{"embeddable":true,"href":"https:\/\/svornitologia.org\/es\/wp-json\/wp\/v2\/comments?post=2972"}],"version-history":[{"count":8,"href":"https:\/\/svornitologia.org\/es\/wp-json\/wp\/v2\/pages\/2972\/revisions"}],"predecessor-version":[{"id":3978,"href":"https:\/\/svornitologia.org\/es\/wp-json\/wp\/v2\/pages\/2972\/revisions\/3978"}],"wp:attachment":[{"href":"https:\/\/svornitologia.org\/es\/wp-json\/wp\/v2\/media?parent=2972"}],"curies":[{"name":"wp","href":"https:\/\/api.w.org\/{rel}","templated":true}]}}