{"id":2935,"date":"2020-02-28T07:21:09","date_gmt":"2020-02-28T07:21:09","guid":{"rendered":"https:\/\/svornitologia.org\/?page_id=2935"},"modified":"2025-12-05T13:34:10","modified_gmt":"2025-12-05T12:34:10","slug":"svo_electrocuciones","status":"publish","type":"page","link":"https:\/\/svornitologia.org\/es\/svo_electrocuciones\/","title":{"rendered":"Grupo de trabajo SVO-ELECTROCUCIONES"},"content":{"rendered":"<p>En el seno de la Societat Valenciana d\u2019Ornitologia nace el grupo <strong>SVO-electrocuciones<\/strong>, decidido a trabajar firmemente para acabar con el grav\u00edsimo problema de conservaci\u00f3n para numerosas especies de aves amenazadas que suponen los tendidos el\u00e9ctricos no adecuados.<\/p>\n<p><img loading=\"lazy\" decoding=\"async\" class=\"aligncenter size-full wp-image-2937\" src=\"https:\/\/svornitologia.org\/wp-content\/uploads\/2020\/02\/Collage-SVO-electrocuciones.jpg\" alt=\"\" width=\"1500\" height=\"1125\" srcset=\"https:\/\/svornitologia.org\/wp-content\/uploads\/2020\/02\/Collage-SVO-electrocuciones.jpg 1500w, https:\/\/svornitologia.org\/wp-content\/uploads\/2020\/02\/Collage-SVO-electrocuciones-300x225.jpg 300w, https:\/\/svornitologia.org\/wp-content\/uploads\/2020\/02\/Collage-SVO-electrocuciones-768x576.jpg 768w, https:\/\/svornitologia.org\/wp-content\/uploads\/2020\/02\/Collage-SVO-electrocuciones-1024x768.jpg 1024w\" sizes=\"auto, (max-width: 1500px) 100vw, 1500px\" \/><\/p>\n<p>Estimaciones oficiales del a\u00f1o 2010 aseguran que cada a\u00f1o mueren unas 1.000 aves rapaces electrocutadas en tendidos el\u00e9ctricos de la Comunitat Valenciana. A modo de ejemplo, entre 1995 y 2016 ingresaron en los centros de recuperaci\u00f3n de fauna de la Generalitat Valenciana 88 ejemplares de \u00e1guila perdicera <em>Aquila fasciata<\/em> con diagn\u00f3stico de electrocuci\u00f3n. No cabe menospreciar el riesgo de colisi\u00f3n que suponen los cables no se\u00f1alizados para las aves durante el vuelo, una amenaza m\u00e1s dif\u00edcil de detectar pero que tambi\u00e9n causa la muerte cada a\u00f1o a numerosas aves.<\/p>\n<p><img loading=\"lazy\" decoding=\"async\" class=\"aligncenter size-full wp-image-2940\" src=\"https:\/\/svornitologia.org\/wp-content\/uploads\/2020\/02\/Imagen_21.jpg\" alt=\"\" width=\"1600\" height=\"1200\" srcset=\"https:\/\/svornitologia.org\/wp-content\/uploads\/2020\/02\/Imagen_21.jpg 1600w, https:\/\/svornitologia.org\/wp-content\/uploads\/2020\/02\/Imagen_21-300x225.jpg 300w, https:\/\/svornitologia.org\/wp-content\/uploads\/2020\/02\/Imagen_21-768x576.jpg 768w, https:\/\/svornitologia.org\/wp-content\/uploads\/2020\/02\/Imagen_21-1024x768.jpg 1024w\" sizes=\"auto, (max-width: 1600px) 100vw, 1600px\" \/><\/p>\n<p>El grupo SVO-electrocuciones trabaja para que esta grave problem\u00e1tica medioambiental salga a la luz a trav\u00e9s de los medios de comunicaci\u00f3n, alertando a la sociedad y a la administraci\u00f3n valenciana sobre la urgencia de tomar medidas eficaces para reducir esta sangr\u00eda intolerable. Para ello, la adecuaci\u00f3n de la legislaci\u00f3n y su total aplicaci\u00f3n deben resultar la clave para llegar a solucionar este conflicto en un tiempo lo m\u00e1s breve posible.<\/p>\n<p style=\"text-align: center;\">CONTACTO: electrocucions@svornitologia.org<\/p>\n<p><strong>SVO Y PLATAFORMA SOS TENDIDOS EL\u00c9CTRICOS<\/strong><\/p>\n<p><img loading=\"lazy\" decoding=\"async\" class=\"aligncenter size-full wp-image-2936\" src=\"https:\/\/svornitologia.org\/wp-content\/uploads\/2020\/02\/Foto-reunion-SOS-Tendidos-7-feb-2020-Madrid.jpeg\" alt=\"\" width=\"1600\" height=\"1200\" srcset=\"https:\/\/svornitologia.org\/wp-content\/uploads\/2020\/02\/Foto-reunion-SOS-Tendidos-7-feb-2020-Madrid.jpeg 1600w, https:\/\/svornitologia.org\/wp-content\/uploads\/2020\/02\/Foto-reunion-SOS-Tendidos-7-feb-2020-Madrid-300x225.jpeg 300w, https:\/\/svornitologia.org\/wp-content\/uploads\/2020\/02\/Foto-reunion-SOS-Tendidos-7-feb-2020-Madrid-768x576.jpeg 768w, https:\/\/svornitologia.org\/wp-content\/uploads\/2020\/02\/Foto-reunion-SOS-Tendidos-7-feb-2020-Madrid-1024x768.jpeg 1024w\" sizes=\"auto, (max-width: 1600px) 100vw, 1600px\" \/><\/p>\n<p>La SVO se ha adherido en 2020 como entidad colaboradora a la Plataforma SOS Tendidos El\u00e9ctricos, formada por organizaciones conservacionistas del territorio nacional. Tiene como finalidad ejercer como grupo de presi\u00f3n ante las compa\u00f1\u00edas el\u00e9ctricas y las administraciones, y como fuente de informaci\u00f3n ante la sociedad para sensibilizar sobre un problema que acaba con la vida cada a\u00f1o de cientos de miles de aves.<\/p>\n<p><a href=\"http:\/\/www.sostendidos.com\/\" target=\"_blank\" rel=\"noopener\"><img loading=\"lazy\" decoding=\"async\" class=\"aligncenter size-full wp-image-2938\" src=\"https:\/\/svornitologia.org\/wp-content\/uploads\/2020\/02\/logo_sostendidoselectricos.jpg\" alt=\"\" width=\"320\" height=\"454\" srcset=\"https:\/\/svornitologia.org\/wp-content\/uploads\/2020\/02\/logo_sostendidoselectricos.jpg 320w, https:\/\/svornitologia.org\/wp-content\/uploads\/2020\/02\/logo_sostendidoselectricos-211x300.jpg 211w\" sizes=\"auto, (max-width: 320px) 100vw, 320px\" \/><\/a><\/p>\n","protected":false},"excerpt":{"rendered":"<p>En el seno de la Societat Valenciana d\u2019Ornitologia nace el grupo SVO-electrocuciones, decidido a trabajar firmemente para acabar con el grav\u00edsimo problema de conservaci\u00f3n para numerosas especies de aves amenazadas que suponen los tendidos el\u00e9ctricos no adecuados. Estimaciones oficiales del a\u00f1o 2010 aseguran que cada a\u00f1o mueren unas 1.000 aves rapaces electrocutadas en tendidos el\u00e9ctricos [&hellip;]<\/p>\n","protected":false},"author":1,"featured_media":0,"parent":0,"menu_order":0,"comment_status":"closed","ping_status":"closed","template":"","meta":{"footnotes":""},"class_list":["post-2935","page","type-page","status-publish","hentry","clearfix"],"_links":{"self":[{"href":"https:\/\/svornitologia.org\/es\/wp-json\/wp\/v2\/pages\/2935","targetHints":{"allow":["GET"]}}],"collection":[{"href":"https:\/\/svornitologia.org\/es\/wp-json\/wp\/v2\/pages"}],"about":[{"href":"https:\/\/svornitologia.org\/es\/wp-json\/wp\/v2\/types\/page"}],"author":[{"embeddable":true,"href":"https:\/\/svornitologia.org\/es\/wp-json\/wp\/v2\/users\/1"}],"replies":[{"embeddable":true,"href":"https:\/\/svornitologia.org\/es\/wp-json\/wp\/v2\/comments?post=2935"}],"version-history":[{"count":4,"href":"https:\/\/svornitologia.org\/es\/wp-json\/wp\/v2\/pages\/2935\/revisions"}],"predecessor-version":[{"id":3960,"href":"https:\/\/svornitologia.org\/es\/wp-json\/wp\/v2\/pages\/2935\/revisions\/3960"}],"wp:attachment":[{"href":"https:\/\/svornitologia.org\/es\/wp-json\/wp\/v2\/media?parent=2935"}],"curies":[{"name":"wp","href":"https:\/\/api.w.org\/{rel}","templated":true}]}}