{"id":2925,"date":"2020-02-25T18:09:39","date_gmt":"2020-02-25T18:09:39","guid":{"rendered":"https:\/\/svornitologia.org\/?page_id=2925"},"modified":"2020-02-25T18:11:58","modified_gmt":"2020-02-25T18:11:58","slug":"1ercongresonaturalezarequenautiel","status":"publish","type":"page","link":"https:\/\/svornitologia.org\/es\/1ercongresonaturalezarequenautiel\/","title":{"rendered":"I Congreso Naturaleza &#8211; Meseta de Requena-Utiel"},"content":{"rendered":"<p><strong>EN LA PRESENTE P\u00c1GINA APARECE LA INFORMACI\u00d3N ACERCA DEL I CONGRESO DE NATURALEZA DE LA COMARCA REQUENA-UTIEL CELEBRADO EN REQUENA EN OCTUBRE DE 2018.<\/strong><\/p>\n<p>Requena celebrar\u00e1 en oto\u00f1o el <strong>I Congreso de Naturaleza de la Meseta de Requena-Utiel<\/strong>. Un viejo sue\u00f1o de mucha gente implicada en el estudio y conservaci\u00f3n del medio ambiente que en estos d\u00edas de preparativos y reuniones se va tornando realidad. Nuestra comarca bien merece un evento de estas caracter\u00edsticas.<\/p>\n<p>La Meseta de Requena-Utiel, con sus 1.726 Km2, es la comarca de mayor superficie de la Comunitat Valenciana. Reflejo de su extensi\u00f3n y de la variedad de sus paisajes, acoge una amplia biodiversidad representativa de las tierras de interior.<\/p>\n<p>La ocupaci\u00f3n humana de este territorio desde tiempos hist\u00f3ricos ha ocasionado un desigual estado de conservaci\u00f3n de sus espacios naturales. Entre ellos destacan las sierras del Negrete y del Tejo, la cabecera del r\u00edo Reatillo o los valles del Cabriel y Magro.<\/p>\n<p>En los h\u00e1bitats que han llegado mejor conservados hasta nuestros d\u00edas destacan especies animales de inter\u00e9s cient\u00edfico tales como la nutria, el topillo de Cabrera, el \u00e1guila perdicera, la loina y el gallipato, entre otros. Y en cuanto a flora, de entre los m\u00e1s de 1.000 taxones presentes podemos destacar especies tan dispares como el tejo, el mostajo, ciertas saladillas end\u00e9micas, la lengua de ciervo o el tr\u00e9bol de cuatro hojas, por ejemplo.<\/p>\n<p>Despu\u00e9s de a\u00f1os de estudio y conservaci\u00f3n de estos valores naturales, la delegaci\u00f3n comarcal de la Societat Valenciana d\u2019Ornitologia consideraba id\u00f3neo promover un congreso que re\u00fana a expertos en la biodiversidad comarcal,\u00a0organizando este evento conjuntamente con el Ayuntamiento de Requena y el Centro de Estudios Requenenses.<\/p>\n<p>Los objetivos que se persiguen con la celebraci\u00f3n del congreso son: la recopilaci\u00f3n y publicaci\u00f3n de los principales estudios que se realizan en el \u00e1mbito de la comarca, la divulgaci\u00f3n de sus valores naturales, la sensibilizaci\u00f3n de la poblaci\u00f3n, el intercambio de informaci\u00f3n entre los investigadores y la coordinaci\u00f3n de esfuerzos entre entidades implicadas en el estudio y conservaci\u00f3n de la naturaleza.<\/p>\n<p><img decoding=\"async\" class=\"aligncenter\" src=\"https:\/\/svornitologia.org\/wp-content\/uploads\/2018\/05\/cartel-congres.jpg\" alt=\"Cartel\" \/><\/p>\n<p>El I Congreso de Naturaleza de La Meseta de Requena-Utiel se llevar\u00e1 a cabo durante <strong>el fin de semana del 27 y 28 de octubre de 2018 en la ciudad de Requena<\/strong> y cuenta con la colaboraci\u00f3n del Centro de Estudios Requenenses y de la Generalitat Valenciana por medio de la Conselleria de Agricultura, Medio Ambiente, Cambio Clim\u00e1tico y Desarrollo Rural.<\/p>\n<p>El congreso comenzar\u00e1 el viernes 26 de octubre a las 18:30. Continuar\u00e1 a lo largo de todo el s\u00e1bado 27 de octubre, desde las 9:30 a las 19:45. Finalmente, acabaremos el domingo 28 de octubre con una excursi\u00f3n naturalista por la vega del r\u00edo Magro, con salida a las 9:30 desde la Fuente de los Patos de Requena.<\/p>\n<p><strong><a href=\"https:\/\/svornitologia.org\/PROGRAMA-VERSI\u00d3N-ONLINE.pdf\">PROGRAMA DEL CONGRESO<\/a><\/strong><\/p>\n<p><strong>Lugar:\u00a0 Espacio Cultural Feliciano Antonio Yeves (en el n\u00ba 9 de la Avenida Arrabal de Requena).\u00a0<\/strong><\/p>\n","protected":false},"excerpt":{"rendered":"<p>EN LA PRESENTE P\u00c1GINA APARECE LA INFORMACI\u00d3N ACERCA DEL I CONGRESO DE NATURALEZA DE LA COMARCA REQUENA-UTIEL CELEBRADO EN REQUENA EN OCTUBRE DE 2018. Requena celebrar\u00e1 en oto\u00f1o el I Congreso de Naturaleza de la Meseta de Requena-Utiel. Un viejo sue\u00f1o de mucha gente implicada en el estudio y conservaci\u00f3n del medio ambiente que en [&hellip;]<\/p>\n","protected":false},"author":1,"featured_media":0,"parent":0,"menu_order":0,"comment_status":"closed","ping_status":"closed","template":"","meta":{"footnotes":""},"class_list":["post-2925","page","type-page","status-publish","hentry","clearfix"],"_links":{"self":[{"href":"https:\/\/svornitologia.org\/es\/wp-json\/wp\/v2\/pages\/2925","targetHints":{"allow":["GET"]}}],"collection":[{"href":"https:\/\/svornitologia.org\/es\/wp-json\/wp\/v2\/pages"}],"about":[{"href":"https:\/\/svornitologia.org\/es\/wp-json\/wp\/v2\/types\/page"}],"author":[{"embeddable":true,"href":"https:\/\/svornitologia.org\/es\/wp-json\/wp\/v2\/users\/1"}],"replies":[{"embeddable":true,"href":"https:\/\/svornitologia.org\/es\/wp-json\/wp\/v2\/comments?post=2925"}],"version-history":[{"count":2,"href":"https:\/\/svornitologia.org\/es\/wp-json\/wp\/v2\/pages\/2925\/revisions"}],"predecessor-version":[{"id":2930,"href":"https:\/\/svornitologia.org\/es\/wp-json\/wp\/v2\/pages\/2925\/revisions\/2930"}],"wp:attachment":[{"href":"https:\/\/svornitologia.org\/es\/wp-json\/wp\/v2\/media?parent=2925"}],"curies":[{"name":"wp","href":"https:\/\/api.w.org\/{rel}","templated":true}]}}