{"id":2850,"date":"2019-09-25T07:53:57","date_gmt":"2019-09-25T07:53:57","guid":{"rendered":"https:\/\/svornitologia.org\/?page_id=2850"},"modified":"2019-09-25T07:59:38","modified_gmt":"2019-09-25T07:59:38","slug":"normas-de-publicacion","status":"publish","type":"page","link":"https:\/\/svornitologia.org\/es\/normas-de-publicacion\/","title":{"rendered":"NORMAS DE PUBLICACI\u00d3N"},"content":{"rendered":"<p>El Serenet es la revista cient\u00edfica de la Societat Valenciana d\u00b4Ornitologia, y tiene como objetivo la publicaci\u00f3n de trabajos de Ornitolog\u00eda en el \u00e1mbito mediterr\u00e1neo, con especial \u00e9nfasis en los trabajos realizados en la Comunidad Valenciana. Ser\u00e1 bienvenido cualquier trabajo de tem\u00e1tica general, tanto te\u00f3rico como pr\u00e1ctico, relacionado con la Ornitolog\u00eda.<\/p>\n<p>Los trabajos que no lleven impl\u00edcito un m\u00e9todo sistem\u00e1tico, tanto de campo o de b\u00fasqueda bibliogr\u00e1fica (para trabajos de revisi\u00f3n), como puedan ser meras relaciones de aves observadas en salidas al campo, quedar\u00e1n reservados para su revisi\u00f3n y publicaci\u00f3n, si es posible, en el bolet\u00edn electr\u00f3nico que se enviar\u00e1 a los socios, y aparecer\u00e1 en la p\u00e1gina web, de manera trimestral.<\/p>\n<p>Los trabajos podr\u00e1n ser escritos en castellano, valenciano o ingl\u00e9s, indistintamente. Los trabajos que se aceptar\u00e1n deber\u00e1n ser necesariamente in\u00e9ditos y podr\u00e1n ser de tres tipos:<\/p>\n<ul>\n<li><strong>Art\u00edculos cient\u00edficos:<\/strong> trabajos de fondo sobre cualquier \u00e1mbito de la Ornitolog\u00eda que no superen las 7.000 palabras de extensi\u00f3n (en el procesador de textos, a doble espacio equivalente a 30-35 p\u00e1ginas). Estos trabajos constar\u00e1n al menos de los siguientes apartados: T\u00edtulo, Resumen, Palabras clave, Introducci\u00f3n, Material y M\u00e9todos, Resultados, Discusi\u00f3n, Referencias, Agradecimientos, Tablas y Figuras. Asimismo, se ruega se env\u00ede un resumen en ingl\u00e9s, o \u201cAbstract\u201d, si es posible, as\u00ed como una traducci\u00f3n del resumen en castellano o valenciano dependiendo de la lengua en que haya sido redactado el trabajo. En caso de desconocer alguno de estos idiomas, el Comit\u00e9 Editorial traducir\u00e1 el texto tanto al ingl\u00e9s como al castellano o valenciano dependiendo del idioma original en que est\u00e9 redactado el art\u00edculo.<\/li>\n<li><strong>Notas breves:<\/strong> trabajos cuya extensi\u00f3n no supere 3.000 palabras y que por su contenido no necesiten de la extensi\u00f3n de un art\u00edculo de fondo. A diferencia de \u00e9stos, las notas breves no constar\u00e1n de los subapartados de los que constan los art\u00edculos y el texto ser\u00e1 continuo. S\u00ed que ser\u00e1 necesario un T\u00edtulo, un Resumen, Palabras clave, Abstract, Referencias, Agradecimientos, as\u00ed como Tablas y Figuras si son necesarias para facilitar la comprensi\u00f3n del trabajo.<\/li>\n<li><strong>Cartas:<\/strong> trabajos de extensi\u00f3n inferior a 1.500 palabras que contengan opiniones personales, as\u00ed como cualquier narraci\u00f3n de alg\u00fan hecho notable. Las observaciones de aves raras o de avistamientos de aves fuera de sus lugares habituales no ser\u00e1n publicadas en este medio, pero ser\u00e1n remitidos al Comit\u00e9 Editorial del Anuario de la Societat Valenciana d\u00b4Ornitologia.<\/li>\n<\/ul>\n<p><strong>Los trabajos ser\u00e1n enviados \u00fanicamente de forma electr\u00f3nica a la direcci\u00f3n: <a href=\"mailto:elserenet@gmail.com\">elserenet@gmail.com<\/a> <\/strong>en un \u00fanico documento en formato editable RTF o DOC, que incluya el texto, las tablas y las figuras, indic\u00e1ndose el tipo y versi\u00f3n del procesador de textos utilizado. Para la maquetaci\u00f3n final se podr\u00e1 solicitar a los autores que env\u00eden las figuras en la hoja de c\u00e1lculo o programa con el que hayan sido configuradas.<\/p>\n<p>La revista se rige por el sistema habitual de revisi\u00f3n por pares o \u201cpeer-review\u201d de las revistas cient\u00edficas. Una vez recibido, el manuscrito ser\u00e1 evaluado previamente por los editores y ser\u00e1 enviado a revisar por al menos dos expertos en el tema. En todo caso, ser\u00e1 el Comit\u00e9 Editorial quien tomar\u00e1 una decisi\u00f3n final sobre la aceptaci\u00f3n del trabajo. Una vez revisados, los manuscritos ser\u00e1n devueltos a los autores junto con los comentarios y cuestiones planteados por los revisores. Los trabajos que sean aceptados bajo la condici\u00f3n de ser revisados se tendr\u00e1n que devolver a los editores en un plazo inferior a 30 d\u00edas. Los autores recibir\u00e1n las pruebas de imprenta de sus art\u00edculos maquetadas para su correcci\u00f3n y tendr\u00e1n que devolverlas al Comit\u00e9 Editorial en un plazo no superior a diez d\u00edas desde su recepci\u00f3n. Ninguno de los manuscritos presentados a \u201cEl Serenet &#8211; Revista de la Societat Valenciana d\u00b4Ornitologia\u201d puede ser considerado por otras publicaciones hasta que el Comit\u00e9 Editorial manifieste su decisi\u00f3n.<\/p>\n<p>De acuerdo con la nueva pol\u00edtica de la revista, se ofrece desinteresadamente y sin cargo alguno, un servicio de ayuda a los autores, tanto en la redacci\u00f3n como en el an\u00e1lisis estad\u00edstico de los datos por parte del Comit\u00e9 Editorial. Asimismo se intentar\u00e1 facilitar las referencias bibliogr\u00e1ficas que sean necesarias para la correcta discusi\u00f3n del manuscrito. Los editores a su vez, har\u00e1n especial hincapi\u00e9 a los revisores para que el proceso de revisi\u00f3n sea lo m\u00e1s did\u00e1ctico y constructivo posible, intentando evitar a toda costa que cualquier trabajo que parta de una buena base de datos se quede sin publicar \u00fanicamente por defectos de forma. No obstante, el hecho de que los editores y los revisores ayuden durante el proceso de revisi\u00f3n no implica la garant\u00eda de la aceptaci\u00f3n final del manuscrito, sin que los comentarios vertidos sobre el texto sean correctamente satisfechos por parte del autor o autores del trabajo.<\/p>\n<p>Se ruega asimismo, que los autores eviten en la medida de lo posible que la informaci\u00f3n expuesta en el trabajo aparezca repetida en dos formas distintas (en el texto y en las tablas, o en las tablas y las figuras). Se recomienda a su vez que los t\u00edtulos de los trabajos sean lo m\u00e1s concisos posibles, evitando t\u00edtulos muy generales o de dif\u00edcil entendimiento.<\/p>\n<p>La publicaci\u00f3n de los trabajos en \u201cEl Serenet &#8211; Revista de la Societat Valenciana d\u00b4Ornitologia\u201d no conllevar\u00e1 cargo alguno para los autores. \u00c9stos a su vez recibir\u00e1n una copia en formato pdf de la versi\u00f3n final de su trabajo. Toda difusi\u00f3n posterior del trabajo por parte de los autores deber\u00e1 mencionar expl\u00edcitamente que el trabajo ha sido publicado en la revista \u201cEl Serenet &#8211; Revista de la Societat Valenciana d\u00b4Ornitologia\u201d.<\/p>\n<p style=\"text-align: left;\">La Societat Valenciana d\u00b4Ornitologia se reserva el derecho a la posterior difusi\u00f3n de los textos as\u00ed como de sus tablas y figuras en los medios internos y en la p\u00e1gina web de la Sociedad, sin menoscabo de la propiedad intelectual de los mismos, que recaer\u00e1 siempre en el autor o los autores.<\/p>\n<p><strong><a href=\"https:\/\/svornitologia.org\/el-serenet\/\">VOLVER A P\u00c1GINA PRINCIPAL DE &#8220;EL SERENET&#8221;<\/a><\/strong><\/p>\n","protected":false},"excerpt":{"rendered":"<p>El Serenet es la revista cient\u00edfica de la Societat Valenciana d\u00b4Ornitologia, y tiene como objetivo la publicaci\u00f3n de trabajos de Ornitolog\u00eda en el \u00e1mbito mediterr\u00e1neo, con especial \u00e9nfasis en los trabajos realizados en la Comunidad Valenciana. Ser\u00e1 bienvenido cualquier trabajo de tem\u00e1tica general, tanto te\u00f3rico como pr\u00e1ctico, relacionado con la Ornitolog\u00eda. Los trabajos que no [&hellip;]<\/p>\n","protected":false},"author":1,"featured_media":0,"parent":0,"menu_order":0,"comment_status":"closed","ping_status":"closed","template":"","meta":{"footnotes":""},"class_list":["post-2850","page","type-page","status-publish","hentry","clearfix"],"_links":{"self":[{"href":"https:\/\/svornitologia.org\/es\/wp-json\/wp\/v2\/pages\/2850","targetHints":{"allow":["GET"]}}],"collection":[{"href":"https:\/\/svornitologia.org\/es\/wp-json\/wp\/v2\/pages"}],"about":[{"href":"https:\/\/svornitologia.org\/es\/wp-json\/wp\/v2\/types\/page"}],"author":[{"embeddable":true,"href":"https:\/\/svornitologia.org\/es\/wp-json\/wp\/v2\/users\/1"}],"replies":[{"embeddable":true,"href":"https:\/\/svornitologia.org\/es\/wp-json\/wp\/v2\/comments?post=2850"}],"version-history":[{"count":5,"href":"https:\/\/svornitologia.org\/es\/wp-json\/wp\/v2\/pages\/2850\/revisions"}],"predecessor-version":[{"id":2859,"href":"https:\/\/svornitologia.org\/es\/wp-json\/wp\/v2\/pages\/2850\/revisions\/2859"}],"wp:attachment":[{"href":"https:\/\/svornitologia.org\/es\/wp-json\/wp\/v2\/media?parent=2850"}],"curies":[{"name":"wp","href":"https:\/\/api.w.org\/{rel}","templated":true}]}}