{"id":1211,"date":"2018-05-08T17:39:32","date_gmt":"2018-05-08T17:39:32","guid":{"rendered":"https:\/\/svornitologia.org\/?page_id=1211"},"modified":"2024-12-11T13:20:12","modified_gmt":"2024-12-11T12:20:12","slug":"anillamiento-cientifico","status":"publish","type":"page","link":"https:\/\/svornitologia.org\/es\/anillamiento-cientifico\/","title":{"rendered":"ANILLAMIENTO CIENT\u00cdFICO"},"content":{"rendered":"<p style=\"text-align: justify;\"><strong>Grupo de anillamiento de la Sociedad Valenciana de Ornitolog\u00eda<\/strong><\/p>\n<p style=\"text-align: justify;\"><strong>Qu\u00e9 es el anillamiento cient\u00edfico de aves y c\u00f3mo est\u00e1 regulado<\/strong><\/p>\n<p style=\"text-align: justify;\">El anillamiento consiste en la aplicaci\u00f3n de una anilla met\u00e1lica, habitualmente de aluminio, en la pata de un ave viva. Esta anilla lleva impreso un remite que identifica a la estaci\u00f3n anilladora donde se centralizan los datos, uno o varios d\u00edgitos caracter\u00edsticos del tama\u00f1o de la anilla y un n\u00famero diferente para todas las anillas del mismo modelo y estaci\u00f3n. El anillamiento cient\u00edfico es una actividad que est\u00e1 regulada legalmente a nivel estatal por el Ministerio de Medio Ambiente y a nivel auton\u00f3mico por la Conselleria de Agricultura, Medio Ambiente, Cambio Clim\u00e1tico y Desarrollo Rural. Para poder realizar esta actividad, es necesario contar con el aval de una entidad cient\u00edfica reconocida y estar en posesi\u00f3n del Certificado de Aptitud para el Anillamiento y Marcaje de Aves Silvestres expedido por la Oficina de Especies Migratorias (OEM) del Ministerio de Medio Ambiente. Este certificado es imprescindible para pedir posteriormente las autorizaciones en las Comunidades Aut\u00f3nomas en las que se vaya a ejercer la actividad. La OEM adquiere y env\u00eda a la Oficina de Anillamiento de cada entidad avaladora las anillas \u00a0(remites ICONA o ARANZADI, dependiendo de las entidades), siendo \u00e9stas las responsables de su reparto entre sus avalados. Asimismo, las entidades avaladoras han de recibir los datos de los anillamientos realizados por los grupos y los anilladores que las integran y reenviarlos a la OEM para su inclusi\u00f3n en una base de datos com\u00fan.<\/p>\n<p style=\"text-align: justify;\"><strong>Para qu\u00e9 se anillan las aves<\/strong><\/p>\n<p style=\"text-align: justify;\">La investigaci\u00f3n de muchos aspectos de la biolog\u00eda de las aves s\u00f3lo puede acometerse contrastando datos recogidos de los mismos individuos en dos o m\u00e1s momentos diferentes. Esto es especialmente necesario en estudios de migraci\u00f3n. Mediante la simple observaci\u00f3n de las aves podemos ver que una especie ocupa un \u00e1rea geogr\u00e1fica concreta a lo largo de una determinada \u00e9poca del a\u00f1o, y que existen movimientos de los individuos de una poblaci\u00f3n entre determinadas zonas y \u00e9pocas del a\u00f1o. Estas observaciones nos permiten extraer conclusiones sobre sus migraciones. Sin embargo, las conclusiones de estos estudios s\u00f3lo suelen referirse a los patrones de comportamiento de la especie en su conjunto. Necesitamos una herramienta que nos permita individualizar cada ejemplar de una especie o poblaci\u00f3n determinada, y esto lo conseguimos mediante el marcaje de las aves.<\/p>\n<p style=\"text-align: justify;\">Adem\u00e1s de facilitar el estudio de las migraciones, el anillamiento cient\u00edfico permite conocer otros aspectos importantes de las aves como su biometr\u00eda, tasas de supervivencia, delimitaci\u00f3n e importancia de las \u00e1reas de cr\u00eda, de invernada y de sus rutas migratorias, las distancias de migraci\u00f3n, las direcciones de vuelo o la fidelidad a los lugares de reproducci\u00f3n, invernada o paso; tambi\u00e9n todo lo relativo a la fenolog\u00eda, es decir, el desarrollo en el tiempo del ciclo migratorio, y su relaci\u00f3n con otros aspectos importantes de la biolog\u00eda del ave como son la muda y la reproducci\u00f3n. Por todo ello, el anillamiento cient\u00edfico constituye una importante herramienta para el estudio y la conservaci\u00f3n no s\u00f3lo de nuestras aves, sino tambi\u00e9n de los ecosistemas que habitan.<\/p>\n<p style=\"text-align: justify;\"><strong>C\u00f3mo se capturan las aves<\/strong><\/p>\n<p style=\"text-align: justify;\">Existen diversos m\u00e9todos para la captura y posterior marcaje de las aves. La caracter\u00edstica com\u00fan a todos ellos es que la captura de las aves se realiza por m\u00e9todos inocuos para ellas, pues la base de este sistema de trabajo consiste en que las aves marcadas deben quedar en las mismas condiciones f\u00edsicas que cuando fueron capturadas. Dependiendo del tipo de aves que se pretende capturar se utilizan preferentemente unos m\u00e9todos u otros. El m\u00e9todo m\u00e1s utilizado por los anilladores es el de la red japonesa (tambi\u00e9n conocida como red invisible o red vertical), que consiste en un pa\u00f1o de red de hilo muy fino que se sit\u00faa en posici\u00f3n vertical entre unas varas. Estas redes, que pueden ser de diferente longitud y luz de malla, se suelen colocar entre la vegetaci\u00f3n y son muy eficaces para la captura de aves de peque\u00f1o y mediano tama\u00f1o. Las aves que pasan por delante de la red no la ven debido a la finura del hilo y quedan enganchadas en unas bolsas que forma el pa\u00f1o de la red cuando un ave, por su propio peso, queda atrapada en ella. En ocasiones, se utilizan reclamos grabados de una especie determinada para atraer los ejemplares hacia la red e incrementar as\u00ed las probabilidades de captura. Otros m\u00e9todos de trampeo se utilizan para capturar determinadas especies que, por su comportamiento y h\u00e1bitat, resultan mucho m\u00e1s dif\u00edciles de capturar mediante redes japonesas: son las redes de suelo, los cepos malla, las redes-ca\u00f1\u00f3n, las jaulas-trampa, etc.<\/p>\n<p style=\"text-align: justify;\"><strong>Materiales de anillamiento<\/strong><\/p>\n<p style=\"text-align: justify;\">Para la realizaci\u00f3n de las tareas de anillamiento, los anilladores cuentan con material espec\u00edfico. Por un lado, el material de trampeo, formado por las redes, jaulas, cepos-malla, etc., y los accesorios necesarios para el montaje de algunas de estas estructuras: varas, vientos, piquetas, etc. Por otro lado, el material cient\u00edfico, formado por los alicates especiales para cerrar las anillas y los instrumentos de medida como calibres de precisi\u00f3n, reglas, balanzas electr\u00f3nicas, etc., y una serie de accesorios complementarios como, el cuaderno de anillamiento, las gu\u00edas y claves para la identificaci\u00f3n, datado y sexado de especies, los colectores donde se almacenan las aves durante el procesado, etc.<\/p>\n<p style=\"text-align: justify;\"><strong>Qu\u00e9 podemos hacer si nos encontramos una anilla<\/strong><\/p>\n<p style=\"text-align: justify;\">En ocasiones, alguna persona puede entregarnos una anilla de un ave que ha cazado o ha encontrado muerta, o es posible que nosotros mismos encontremos una anilla o un ave herida o muerta que porta una anilla en la pata. En este caso, si es posible, debemos procurar recuperar la anilla y enviarla por correo postal dentro de un sobre a la direcci\u00f3n de la SVO (calle Pintor Vel\u00e1zquez, 3; 46100 Burjassot, Valencia). Si deseamos guardar la anilla y conservarla como recuerdo, podemos anotar el remite y numeraci\u00f3n que aparecen inscritos en la anilla y enviarlo por correo electr\u00f3nico a nuestra entidad (<a href=\"mailto:svornitologia@hotmail.com\">svornitologia@hotmail.com<\/a>), tratando de indicar si es posible la especie de la que se trata, fecha y lugar de recogida de la anilla, as\u00ed como otros detalles de que dispongas, como las circunstancias del hallazgo (si se trata de un ave herida o muerta, etc.). Tan pronto dispongamos del informe que la OEM nos remite con los datos del ave recuperada, te lo haremos llegar a trav\u00e9s del correo electr\u00f3nico.<\/p>\n<p style=\"text-align: justify;\"><strong>C\u00f3mo llegar a ser anillador de aves<\/strong><\/p>\n<p style=\"text-align: justify;\">Generalmente, las personas interesadas en el anillamiento son ornit\u00f3logos que tienen experiencia en la observaci\u00f3n e identificaci\u00f3n de las aves y que, adem\u00e1s, quieren conocer los m\u00e9todos de marcado, ya que \u00e9stos posibilitan la realizaci\u00f3n de trabajos que no pueden llevarse a cabo con la simple observaci\u00f3n convencional. El anillamiento de aves es una actividad cient\u00edfica que est\u00e1 actualmente regulada por las administraciones competentes en todo el mundo. En Espa\u00f1a existen diversas Entidades Avaladoras, que son organismos o entidades con un prestigio cient\u00edfico reconocido, a trav\u00e9s de las cuales es posible formarse como anillador. El periodo de aprendizaje es variable y depende de las cualidades del interesado, de la habilidad de cada anillador en formar a sus propios colaboradores y del espectro de especies con el que llega a tener contacto. Actualmente todas las Entidades Avaladoras exigen superar unas pruebas para conseguir el permiso de anillamiento. Habitualmente, se recomienda a los anilladores que no actu\u00e9n en solitario, sino que formen parte de alguno de los numerosos grupos de anillamiento que existen repartidos por toda la geograf\u00eda de nuestro pa\u00eds.<\/p>\n<p style=\"text-align: justify;\"><strong>El grupo de anillamiento de la SVO<\/strong><\/p>\n<p style=\"text-align: justify;\">La SVO cuenta con un reciente grupo de anillamiento cient\u00edfico de aves formado por 10 anilladores expertos y varios anilladores m\u00e1s en proceso de formaci\u00f3n. En la actualidad, la SVO no est\u00e1 reconocida como entidad avaladora de anilladores en Espa\u00f1a, es decir, no dispone de la capacitaci\u00f3n legal para formar y reconocer oficialmente anilladores de aves, aunque s\u00ed dispone de la capacidad t\u00e9cnica para hacerlo. Actualmente, esta capacidad legal para avalar anilladores s\u00f3lo la tienen cinco entidades en nuestro pa\u00eds, estando los anilladores de la SVO avalados por el Centro de Migraci\u00f3n de Aves (CMA) de la Sociedad Espa\u00f1ola de Ornitolog\u00eda (SEO\/BirdLife).<\/p>\n<p style=\"text-align: justify;\">La creaci\u00f3n del nuevo grupo de anillamiento responde, por una lado, a la necesidad de dotar a la SVO de un grupo de anillamiento propio y equipararse de esta forma a otras entidades que cuentan desde hace tiempo con una larga tradici\u00f3n en el anillamiento de aves e importantes grupos en su seno, como el Institut Catal\u00e0 d\u2019Ornitologia (ICO), el Grup d\u2019Ornitologia Balear (GOB), la Estaci\u00f3n Biol\u00f3gica de Do\u00f1ana (EBD), el grupo Zaragoza, la Asociaci\u00f3n de Naturalistas del Sureste (ANSE) o la Sociedad de Ciencias Aranzadi, entre otros; por otro lado, la creaci\u00f3n del nuevo grupo permitir\u00e1 asumir nuevos proyectos con mayores garant\u00edas y facilitar\u00e1 el funcionamiento interno de los anilladores que hasta el momento pertenec\u00edan a grupos distintos (Llebeig y l\u2019Horta), pero que en la pr\u00e1ctica estaban trabajando de forma conjunta desde hac\u00eda tiempo. Por lo tanto, el nuevo grupo de anillamiento surge de la fusi\u00f3n de dos antiguos grupos de la SVO: Llebeig, nacido en el a\u00f1o 1994 en l\u2019Albufera, y l\u2019Horta, creado en 2010 en Massamagrell. Ambos grupos, a su vez, se hab\u00edan nutrido de algunos de los anilladores que formaban parte de la antigua Estaci\u00f3n Ornitol\u00f3gica de l\u2019Albufera (EOA) y Marjal del Moro, grupos que estuvieron en activo hasta aproximadamente finales de la d\u00e9cada de 1990.<\/p>\n<p style=\"text-align: justify;\">El \u00e1mbito de actuaci\u00f3n del grupo de anillamiento SVO es principalmente la provincia de Valencia, donde mantiene diversas estaciones de anillamiento para el seguimiento de las poblaciones de aves. En estos momentos, la estaci\u00f3n de anillamiento m\u00e1s operativa y que funciona de un modo regular es la localizada en el paraje de la Barrella, la Pobla de Farnals (l\u2019Horta Nord). Esta zona es utilizada por numerosos paseriformes a lo largo de todo el ciclo anual, de modo que es posible la captura de un gran n\u00famero de individuos de especies diferentes. Adem\u00e1s de esta zona, el grupo de anillamiento SVO act\u00faa de forma ocasional en otros ambientes de la geograf\u00eda valenciana, como zonas h\u00famedas (marjal de Rafalell i Vistabella), ecosistemas forestales (sierra de la Ceja, la Yesa), cultivos (huerta de Mislata y Quart de Poblet), parques y jardines (la Canaleta de Mislata), etc.<\/p>\n<p style=\"text-align: justify;\">Si quieres participar de las actividades de anillamiento desarrolladas por el grupo, puedes ponerte en contacto con los coordinadores de esta actividad:<\/p>\n<p style=\"text-align: justify;\">Pedro A. del Ba\u00f1o, tel. 645402986.<\/p>\n<p style=\"text-align: justify;\">Toni Polo Aparisi, tel. 630714292.<\/p>\n","protected":false},"excerpt":{"rendered":"<p>Grupo de anillamiento de la Sociedad Valenciana de Ornitolog\u00eda Qu\u00e9 es el anillamiento cient\u00edfico de aves y c\u00f3mo est\u00e1 regulado El anillamiento consiste en la aplicaci\u00f3n de una anilla met\u00e1lica, habitualmente de aluminio, en la pata de un ave viva. Esta anilla lleva impreso un remite que identifica a la estaci\u00f3n anilladora donde se centralizan [&hellip;]<\/p>\n","protected":false},"author":1,"featured_media":0,"parent":0,"menu_order":0,"comment_status":"closed","ping_status":"closed","template":"","meta":{"footnotes":""},"class_list":["post-1211","page","type-page","status-publish","hentry","clearfix"],"_links":{"self":[{"href":"https:\/\/svornitologia.org\/es\/wp-json\/wp\/v2\/pages\/1211","targetHints":{"allow":["GET"]}}],"collection":[{"href":"https:\/\/svornitologia.org\/es\/wp-json\/wp\/v2\/pages"}],"about":[{"href":"https:\/\/svornitologia.org\/es\/wp-json\/wp\/v2\/types\/page"}],"author":[{"embeddable":true,"href":"https:\/\/svornitologia.org\/es\/wp-json\/wp\/v2\/users\/1"}],"replies":[{"embeddable":true,"href":"https:\/\/svornitologia.org\/es\/wp-json\/wp\/v2\/comments?post=1211"}],"version-history":[{"count":2,"href":"https:\/\/svornitologia.org\/es\/wp-json\/wp\/v2\/pages\/1211\/revisions"}],"predecessor-version":[{"id":3707,"href":"https:\/\/svornitologia.org\/es\/wp-json\/wp\/v2\/pages\/1211\/revisions\/3707"}],"wp:attachment":[{"href":"https:\/\/svornitologia.org\/es\/wp-json\/wp\/v2\/media?parent=1211"}],"curies":[{"name":"wp","href":"https:\/\/api.w.org\/{rel}","templated":true}]}}