{"id":1166,"date":"2018-05-08T17:02:55","date_gmt":"2018-05-08T17:02:55","guid":{"rendered":"https:\/\/svornitologia.org\/?page_id=1166"},"modified":"2019-12-12T18:08:17","modified_gmt":"2019-12-12T18:08:17","slug":"biblioteca","status":"publish","type":"page","link":"https:\/\/svornitologia.org\/es\/biblioteca\/","title":{"rendered":"BIBLIOTECA"},"content":{"rendered":"<p style=\"text-align: justify;\">La SVO cuenta con un amplio fondo bibliogr\u00e1fico a disposici\u00f3n del p\u00fablico en general.\u00a0M\u00e1s de 200 publicaciones sobre ornitolog\u00eda, naturaleza y otros temas relacionados con el Medio Ambiente que pueden consultarse en sala los d\u00edas de apertura del local.<\/p>\n<p style=\"text-align: justify;\">Igualmente las personas socias pueden beneficiarse del pr\u00e9stamo de los libros, estando sujeto a ciertas condiciones.<\/p>\n<p><strong><br \/>\nCONDICIONES DEL PR\u00c9STAMO<\/strong><\/p>\n<ul>\n<li>Plazo del pr\u00e9stamo: 1 mes.<\/li>\n<li>N\u00famero m\u00e1ximo de libros por pr\u00e9stamo: 2 ejemplares.<\/li>\n<li>Fechas de entrega y devoluci\u00f3n: todos los mi\u00e9rcoles laborales desde las 6 pm a las 8 pm.<\/li>\n<\/ul>\n<p>&nbsp;<\/p>\n<p>Bibliotecario: Vicent Boix (639 88 56 00)<\/p>\n<p style=\"text-align: left;\"><strong>Retrasos:<\/strong> con el objetivo de evitar la p\u00e9rdida de libros, el retraso no comunicado tendr\u00e1 un recargo de 1 \u20ac\/d\u00eda. El dinero recaudado por los recargos se destinar\u00e1 a la compra de nuevos libros.<\/p>\n<p style=\"text-align: center;\"><strong>&#8211;&gt; <a href=\"https:\/\/drive.google.com\/open?id=1mWWKW4FV_eZaFgPr09f9kGRrktP_48CA\" target=\"_blank\" rel=\"noopener\">Listado Excel de la biblioteca SVO (click para descargar)<\/a> &lt;&#8211;<\/strong><\/p>\n","protected":false},"excerpt":{"rendered":"<p>La SVO cuenta con un amplio fondo bibliogr\u00e1fico a disposici\u00f3n del p\u00fablico en general.\u00a0M\u00e1s de 200 publicaciones sobre ornitolog\u00eda, naturaleza y otros temas relacionados con el Medio Ambiente que pueden consultarse en sala los d\u00edas de apertura del local. Igualmente las personas socias pueden beneficiarse del pr\u00e9stamo de los libros, estando sujeto a ciertas condiciones. [&hellip;]<\/p>\n","protected":false},"author":1,"featured_media":0,"parent":0,"menu_order":0,"comment_status":"closed","ping_status":"closed","template":"","meta":{"footnotes":""},"class_list":["post-1166","page","type-page","status-publish","hentry","clearfix"],"_links":{"self":[{"href":"https:\/\/svornitologia.org\/es\/wp-json\/wp\/v2\/pages\/1166","targetHints":{"allow":["GET"]}}],"collection":[{"href":"https:\/\/svornitologia.org\/es\/wp-json\/wp\/v2\/pages"}],"about":[{"href":"https:\/\/svornitologia.org\/es\/wp-json\/wp\/v2\/types\/page"}],"author":[{"embeddable":true,"href":"https:\/\/svornitologia.org\/es\/wp-json\/wp\/v2\/users\/1"}],"replies":[{"embeddable":true,"href":"https:\/\/svornitologia.org\/es\/wp-json\/wp\/v2\/comments?post=1166"}],"version-history":[{"count":4,"href":"https:\/\/svornitologia.org\/es\/wp-json\/wp\/v2\/pages\/1166\/revisions"}],"predecessor-version":[{"id":2914,"href":"https:\/\/svornitologia.org\/es\/wp-json\/wp\/v2\/pages\/1166\/revisions\/2914"}],"wp:attachment":[{"href":"https:\/\/svornitologia.org\/es\/wp-json\/wp\/v2\/media?parent=1166"}],"curies":[{"name":"wp","href":"https:\/\/api.w.org\/{rel}","templated":true}]}}