{"id":1157,"date":"2018-05-08T17:01:41","date_gmt":"2018-05-08T17:01:41","guid":{"rendered":"https:\/\/svornitologia.org\/?page_id=1157"},"modified":"2025-03-13T20:20:14","modified_gmt":"2025-03-13T19:20:14","slug":"circular-de-actividades","status":"publish","type":"page","link":"https:\/\/svornitologia.org\/es\/circular-de-actividades\/","title":{"rendered":"CIRCULAR DE ACTIVIDADES"},"content":{"rendered":"<p style=\"text-align: justify;\">La <strong>&#8220;Circular de actividades&#8221;<\/strong> era una publicaci\u00f3n electr\u00f3nica que se edit\u00f3 trimestralmente <strong>desde 2006 hasta principios de 2018<\/strong> para difundir tanto actividades realizadas como para notificar de futuras. A d\u00eda de hoy la circular ha evolucionado a un bolet\u00edn llamado &#8220;<a href=\"https:\/\/svornitologia.org\/el-teuladi\/\"><strong>El Teulad\u00ed<\/strong><\/a>&#8220;, que tambi\u00e9n tenemos disponible para su descarga en la web.<\/p>\n<p style=\"text-align: justify;\">Adem\u00e1s de dar informaci\u00f3n sobre la SVO (ubicaci\u00f3n de la sede, c\u00f3mo hacerse socio\/a, c\u00f3mo pedir el carnet de socio\/a y c\u00f3mo apuntarse para recibir la circular), en la circular se publicaban las cr\u00f3nicas de algunas\u00a0 de las actividades que se hab\u00edan llevado a cabo durante el trimestre anterior, con un buen pu\u00f1ado de fotos de los lugares visitados, los participantes y las aves vistas.<\/p>\n<p style=\"text-align: justify;\">Entre las actividades se pod\u00edan encontrar las de tareas de campo, salidas ornitol\u00f3gicas, talleres y charlas en el local de la SVO, entre otras.<\/p>\n<p style=\"text-align: justify;\">La Circular tambi\u00e9n informaba sobre convocatorias de las actividades que se piensan hacer el pr\u00f3ximo trimestre y dedicaba unas p\u00e1ginas a la Biblioteca, donde se indican las normas para el pr\u00e9stamo de libros y se presenta una rese\u00f1a de alguno de los libros de los que dispone.<\/p>\n<p style=\"text-align: justify;\"><img loading=\"lazy\" decoding=\"async\" class=\"aligncenter size-full wp-image-1280\" src=\"https:\/\/svornitologia.org\/wp-content\/uploads\/2018\/05\/circulares-e1527523900143.jpg\" alt=\"circulares\" width=\"600\" height=\"402\" \/><\/p>\n<p style=\"text-align: center;\"><em>Imagen 1. Circulares SVO.<\/em><\/p>\n<p style=\"text-align: justify;\">Cualquier persona pod\u00eda y puede escribir a d\u00eda de hoy una cr\u00f3nica de las actividades en las que ha participado. De este modo, adem\u00e1s de descargar trabajo al encargado de la circular o El Teulad\u00ed, puede contribuir a dar su punto de vista y sentirse orgulloso\/a de poner su grano de arena a la SVO. Inicialmente las circular se publicaba en castellano y en valenciano, no obstante para liberar de trabajo los \u00faltimos a\u00f1os se decidi\u00f3 que vinieran escritas en la lengua que eligiera el redactor.<\/p>\n<p style=\"text-align: justify;\">Finalmente, <strong>se puede considerar<\/strong> tanto la Circular como <a href=\"https:\/\/svornitologia.org\/el-teuladi\/\">El Teulad\u00ed<\/a> <strong>nos ayudan a registrar de forma escrita y gr\u00e1fica las actividades de la SVO la largo de los a\u00f1os<\/strong>.<\/p>\n\n\n<div class=\"wp-block-columns is-layout-flex wp-container-core-columns-is-layout-9d6595d7 wp-block-columns-is-layout-flex\">\n<div class=\"wp-block-column is-layout-flow wp-block-column-is-layout-flow\">\n<p><strong>A\u00d1O 2006<\/strong><\/p>\n\n\n\n<ul class=\"wp-block-list\">\n<li>&#8211;<\/li>\n\n\n\n<li><a href=\"https:\/\/drive.google.com\/file\/d\/1nC2Lr5kcjOq-VU0pU6mpgs0hm2hLlXyq\/view?usp=drive_link\" data-type=\"link\" data-id=\"https:\/\/drive.google.com\/file\/d\/1_1y7-6hZ7FgQv7SxiVaHOVaaIkWeIgbz\/view\" target=\"_blank\" rel=\"noreferrer noopener\">Circular 2\u00ba trimestre<\/a><\/li>\n\n\n\n<li><a href=\"https:\/\/drive.google.com\/file\/d\/1_1y7-6hZ7FgQv7SxiVaHOVaaIkWeIgbz\/view?usp=drive_link\" target=\"_blank\" rel=\"noreferrer noopener\">Circular 3er trimestre<\/a><\/li>\n\n\n\n<li><a href=\"https:\/\/drive.google.com\/file\/d\/1xevusdaj9sBn0PYoqQjP4--aav6uSttv\/view?usp=drive_link\" target=\"_blank\" rel=\"noreferrer noopener\">Circular 4\u00ba trimestre<\/a><\/li>\n<\/ul>\n\n\n\n<hr class=\"wp-block-separator has-text-color has-alpha-channel-opacity has-background linea-circular\" style=\"background-color:#00a97e;color:#00a97e\"\/>\n<\/div>\n\n\n\n<div class=\"wp-block-column is-layout-flow wp-block-column-is-layout-flow\">\n<p><strong>A\u00d1O 2007<\/strong><\/p>\n\n\n\n<ul class=\"wp-block-list\">\n<li><a href=\"https:\/\/drive.google.com\/file\/d\/1fyXxHp_mrmKTHonulNjdBSQ_QIsgPjyY\/view?usp=drive_link\" target=\"_blank\" rel=\"noreferrer noopener\">Circular 1er trimestre<\/a><\/li>\n\n\n\n<li><a href=\"https:\/\/drive.google.com\/file\/d\/1xHs9tAo39GFjlkILsB-RUDywEafIemBm\/view?usp=drive_link\" target=\"_blank\" rel=\"noreferrer noopener\">Circular 2\u00ba trimestre<\/a><\/li>\n\n\n\n<li><a href=\"https:\/\/drive.google.com\/file\/d\/1BmN3PFzqJCFeh428AtPgBTkXEhtFzR0k\/view?usp=drive_link\" target=\"_blank\" rel=\"noreferrer noopener\">Circular 3er trimestre<\/a><\/li>\n\n\n\n<li><a href=\"https:\/\/drive.google.com\/file\/d\/1R4VPQDnYvItyIFcY_ZE1XhbDGeZFdfpq\/view?usp=drive_link\" target=\"_blank\" rel=\"noreferrer noopener\">Circular 4\u00ba trimestre<\/a><\/li>\n<\/ul>\n\n\n\n<hr class=\"wp-block-separator has-text-color has-alpha-channel-opacity has-background linea-circular\" style=\"background-color:#00a97e;color:#00a97e\"\/>\n<\/div>\n\n\n\n<div class=\"wp-block-column is-layout-flow wp-block-column-is-layout-flow\">\n<p><strong>A\u00d1O 2008<\/strong><\/p>\n\n\n\n<ul class=\"wp-block-list\">\n<li><a href=\"https:\/\/drive.google.com\/file\/d\/1_Fw_fv9RaBnEuGZn5QqwAzohwMt5jhKy\/view?usp=drive_link\" target=\"_blank\" rel=\"noreferrer noopener\">Circular 1er trimestre<\/a><\/li>\n\n\n\n<li><a href=\"https:\/\/drive.google.com\/file\/d\/1uzKqtPzXSW-1qZMDOrztRkR-hr5RRurg\/view?usp=drive_link\" target=\"_blank\" rel=\"noreferrer noopener\">Circular 2\u00ba trimestre<\/a><\/li>\n\n\n\n<li><a href=\"https:\/\/drive.google.com\/file\/d\/1Kvu1LqRxd5vO4dnXEIHrqK-awydtZY3O\/view?usp=drive_link\" target=\"_blank\" rel=\"noreferrer noopener\">Circular 3er trimestre<\/a><\/li>\n\n\n\n<li><a href=\"https:\/\/drive.google.com\/file\/d\/1m-xC-ofU8wlAhzP4tVtB1B9_Bb8oL8jI\/view?usp=drive_link\" target=\"_blank\" rel=\"noreferrer noopener\">Circular 4\u00ba trimestre<\/a><\/li>\n<\/ul>\n\n\n\n<hr class=\"wp-block-separator has-text-color has-alpha-channel-opacity has-background linea-circular\" style=\"background-color:#00a97e;color:#00a97e\"\/>\n<\/div>\n<\/div>\n\n\n\n<div class=\"wp-block-columns is-layout-flex wp-container-core-columns-is-layout-9d6595d7 wp-block-columns-is-layout-flex\">\n<div class=\"wp-block-column is-layout-flow wp-block-column-is-layout-flow\">\n<p><strong>A\u00d1O 2009<\/strong><\/p>\n\n\n\n<ul class=\"wp-block-list\">\n<li><a href=\"https:\/\/drive.google.com\/file\/d\/1hzdvCJB-bbfMh0w8vaKZkW_xRKOo8pEO\/view?usp=drive_link\" target=\"_blank\" rel=\"noreferrer noopener\">Circular 1er trimestre<\/a><\/li>\n\n\n\n<li><a href=\"https:\/\/drive.google.com\/file\/d\/1Ep34Og8NepoSMbPIVa5in31ct-JJrobp\/view?usp=drive_link\" target=\"_blank\" rel=\"noreferrer noopener\">Circular 2\u00ba trimestre<\/a><\/li>\n\n\n\n<li><a href=\"https:\/\/drive.google.com\/file\/d\/1mIrgsTmkEwdrhdZ6BgXb_ZzX96U9FIMG\/view?usp=drive_link\" target=\"_blank\" rel=\"noreferrer noopener\">Circular 3er trimestre<\/a><\/li>\n\n\n\n<li><a href=\"https:\/\/drive.google.com\/file\/d\/17csbUYO0I-LYTVa6T2cxlVqvmJn0wSLU\/view?usp=drive_link\" target=\"_blank\" rel=\"noreferrer noopener\">Circular 4\u00ba trimestre<\/a><\/li>\n<\/ul>\n\n\n\n<hr class=\"wp-block-separator has-text-color has-alpha-channel-opacity has-background linea-circular\" style=\"background-color:#00a97e;color:#00a97e\"\/>\n<\/div>\n\n\n\n<div class=\"wp-block-column is-layout-flow wp-block-column-is-layout-flow\">\n<p><strong>A\u00d1O 2010<\/strong><\/p>\n\n\n\n<ul class=\"wp-block-list\">\n<li><a href=\"https:\/\/drive.google.com\/file\/d\/1LjF5NIXt0vrMkjUHsRPe1Fw27N9DVWbx\/view?usp=drive_link\" target=\"_blank\" rel=\"noreferrer noopener\">Circular 1er trimestre<\/a><\/li>\n\n\n\n<li><a href=\"https:\/\/drive.google.com\/file\/d\/1QB8a4pjbsgSqO28hsi5IA6hPt48_SbTe\/view?usp=drive_link\" target=\"_blank\" rel=\"noreferrer noopener\">Circular 2\u00ba trimestre<\/a><\/li>\n\n\n\n<li><a href=\"https:\/\/drive.google.com\/file\/d\/1tWYvQ2m-1flkWi4jwYPgTr5a3mhFyeCv\/view?usp=drive_link\" target=\"_blank\" rel=\"noreferrer noopener\">Circular 3er trimestre<\/a><\/li>\n\n\n\n<li><a href=\"https:\/\/drive.google.com\/file\/d\/15VaYsi_0seSneT4eyxe-R8co2ggOWc1Q\/view?usp=drive_link\" target=\"_blank\" rel=\"noreferrer noopener\">Circular 4\u00ba trimestre<\/a><\/li>\n<\/ul>\n\n\n\n<hr class=\"wp-block-separator has-text-color has-alpha-channel-opacity has-background linea-circular\" style=\"background-color:#00a97e;color:#00a97e\"\/>\n<\/div>\n\n\n\n<div class=\"wp-block-column is-layout-flow wp-block-column-is-layout-flow\">\n<p><strong>A\u00d1O 2011<\/strong><\/p>\n\n\n\n<ul class=\"wp-block-list\">\n<li><a href=\"https:\/\/drive.google.com\/file\/d\/1usCvSZlO7oUIizn2AFU5LQWNNotw4Cxc\/view?usp=drive_link\" target=\"_blank\" rel=\"noreferrer noopener\">Circular 1er trimestre<\/a><\/li>\n\n\n\n<li><a href=\"https:\/\/drive.google.com\/file\/d\/1gYqJHvq_o0nVneK__ym0eF0d8FLzsCdG\/view?usp=drive_link\" target=\"_blank\" rel=\"noreferrer noopener\">Circular 2\u00ba trimestre<\/a><\/li>\n\n\n\n<li><a href=\"https:\/\/drive.google.com\/file\/d\/1LrFkz1c6YajG88wlrEJHXc2697QMCwCJ\/view?usp=drive_link\" target=\"_blank\" rel=\"noreferrer noopener\">Circular 3er trimestre<\/a><\/li>\n\n\n\n<li><a href=\"https:\/\/drive.google.com\/file\/d\/18mi3srH6f8wal-vYOm61u-WYVOYS4STy\/view?usp=drive_link\" target=\"_blank\" rel=\"noreferrer noopener\">Circular 4\u00ba trimestre<\/a><\/li>\n<\/ul>\n\n\n\n<hr class=\"wp-block-separator has-text-color has-alpha-channel-opacity has-background linea-circular\" style=\"background-color:#00a97e;color:#00a97e\"\/>\n<\/div>\n<\/div>\n\n\n\n<div class=\"wp-block-columns is-layout-flex wp-container-core-columns-is-layout-9d6595d7 wp-block-columns-is-layout-flex\">\n<div class=\"wp-block-column is-layout-flow wp-block-column-is-layout-flow\">\n<p><strong>A\u00d1O 2012<\/strong><\/p>\n\n\n\n<ul class=\"wp-block-list\">\n<li><a href=\"https:\/\/drive.google.com\/file\/d\/1Ef4YhxVqOU-n08oAAO2JZMk9e1jnTGKq\/view?usp=drive_link\" target=\"_blank\" rel=\"noreferrer noopener\">Circular 1er trimestre<\/a><\/li>\n\n\n\n<li><a href=\"https:\/\/drive.google.com\/file\/d\/1nZjTzut1c_mr1NjPDq5cPP_L76iNSqtd\/view?usp=drive_link\" target=\"_blank\" rel=\"noreferrer noopener\">Circular 2\u00ba trimestre<\/a><\/li>\n\n\n\n<li><a href=\"https:\/\/drive.google.com\/file\/d\/1RMX_9X2CiVMrfWA7b6C4st9GQYZ1hdZn\/view?usp=drive_link\" target=\"_blank\" rel=\"noreferrer noopener\">Circular 3er trimestre<\/a><\/li>\n\n\n\n<li><a href=\"https:\/\/drive.google.com\/file\/d\/16ESdXlpi7HkuYK8dFrRxK4zoexX4L2F8\/view?usp=drive_link\" target=\"_blank\" rel=\"noreferrer noopener\">Circular 4\u00ba trimestre<\/a><\/li>\n<\/ul>\n\n\n\n<hr class=\"wp-block-separator has-text-color has-alpha-channel-opacity has-background linea-circular\" style=\"background-color:#00a97e;color:#00a97e\"\/>\n<\/div>\n\n\n\n<div class=\"wp-block-column is-layout-flow wp-block-column-is-layout-flow\">\n<p><strong>A\u00d1O 2013<\/strong><\/p>\n\n\n\n<ul class=\"wp-block-list\">\n<li><a href=\"https:\/\/drive.google.com\/file\/d\/1ya7aLH96llaHpo9h141sWEHIE7f7HK_4\/view?usp=drive_link\" target=\"_blank\" rel=\"noreferrer noopener\">Circular 1er trimestre<\/a><\/li>\n\n\n\n<li><a href=\"https:\/\/drive.google.com\/file\/d\/1y3AHpPnyoL48OaUseJE3A2SXcLAiNfCG\/view?usp=drive_link\" target=\"_blank\" rel=\"noreferrer noopener\">Circular 2\u00ba trimestre<\/a><\/li>\n\n\n\n<li><a href=\"https:\/\/drive.google.com\/file\/d\/1W6GMxczs2sQWvd2_vbDxeXULr9MNZQPp\/view?usp=drive_link\" target=\"_blank\" rel=\"noreferrer noopener\">Circular 3er trimestre<\/a><\/li>\n\n\n\n<li><a href=\"https:\/\/drive.google.com\/file\/d\/1axEocKR06K4g55pUA67oYKCKxNiGdulc\/view?usp=drive_link\" target=\"_blank\" rel=\"noreferrer noopener\">Circular 4\u00ba trimestre<\/a><\/li>\n<\/ul>\n\n\n\n<hr class=\"wp-block-separator has-text-color has-alpha-channel-opacity has-background linea-circular\" style=\"background-color:#00a97e;color:#00a97e\"\/>\n<\/div>\n\n\n\n<div class=\"wp-block-column is-layout-flow wp-block-column-is-layout-flow\">\n<p><strong>A\u00d1O 2014<\/strong><\/p>\n\n\n\n<ul class=\"wp-block-list\">\n<li><a href=\"https:\/\/drive.google.com\/file\/d\/1zE5vJcVAwaqBKS9va8-NLHngJARL6YO3\/view?usp=drive_link\" target=\"_blank\" rel=\"noreferrer noopener\">Circular 1er trimestre<\/a><\/li>\n\n\n\n<li><a href=\"https:\/\/drive.google.com\/file\/d\/12mnWbefp8-aNSmVv3uPRIt6QtAtLGr57\/view?usp=drive_link\" target=\"_blank\" rel=\"noreferrer noopener\">Circular 2\u00ba trimestre<\/a><\/li>\n\n\n\n<li><a href=\"https:\/\/drive.google.com\/file\/d\/1ruBeFUvLZaJvMDAQqhkyHBBsLxU-IQGJ\/view?usp=drive_link\" target=\"_blank\" rel=\"noreferrer noopener\">Circular 3er trimestre<\/a><\/li>\n\n\n\n<li><a href=\"https:\/\/drive.google.com\/file\/d\/1IxYPkjR8-VjoADoL5FaFdOUwuYzP1Smj\/view?usp=drive_link\" target=\"_blank\" rel=\"noreferrer noopener\">Circular 4\u00ba trimestre<\/a><\/li>\n<\/ul>\n\n\n\n<hr class=\"wp-block-separator has-text-color has-alpha-channel-opacity has-background linea-circular\" style=\"background-color:#00a97e;color:#00a97e\"\/>\n<\/div>\n<\/div>\n\n\n\n<div class=\"wp-block-columns is-layout-flex wp-container-core-columns-is-layout-9d6595d7 wp-block-columns-is-layout-flex\">\n<div class=\"wp-block-column is-layout-flow wp-block-column-is-layout-flow\">\n<p><strong>A\u00d1O 2015<\/strong><\/p>\n\n\n\n<ul class=\"wp-block-list\">\n<li><a href=\"https:\/\/drive.google.com\/file\/d\/1NRhI7Syq6-BdCjN8YVM080jkDP4WXZjN\/view?usp=drive_link\" target=\"_blank\" rel=\"noreferrer noopener\">Circular 1er trimestre<\/a><\/li>\n\n\n\n<li><a href=\"https:\/\/drive.google.com\/file\/d\/1B-xSLi2i-FySx8HngkqBd0xQKiXVU9tS\/view?usp=drive_link\" target=\"_blank\" rel=\"noreferrer noopener\">Circular 2\u00ba trimestre<\/a><\/li>\n\n\n\n<li><a href=\"https:\/\/drive.google.com\/file\/d\/1B-xSLi2i-FySx8HngkqBd0xQKiXVU9tS\/view?usp=drive_link\" target=\"_blank\" rel=\"noreferrer noopener\">Circular 3er trimestre<\/a><\/li>\n\n\n\n<li><a href=\"https:\/\/drive.google.com\/file\/d\/1B-xSLi2i-FySx8HngkqBd0xQKiXVU9tS\/view?usp=drive_link\" data-type=\"link\" data-id=\"https:\/\/drive.google.com\/file\/d\/1B-xSLi2i-FySx8HngkqBd0xQKiXVU9tS\/view?usp=drive_link\">Circular 4\u00ba trimestre<\/a><\/li>\n<\/ul>\n\n\n\n<hr class=\"wp-block-separator has-text-color has-alpha-channel-opacity has-background linea-circular\" style=\"background-color:#00a97e;color:#00a97e\"\/>\n<\/div>\n\n\n\n<div class=\"wp-block-column is-layout-flow wp-block-column-is-layout-flow\">\n<p><strong>A\u00d1O 2016<\/strong><\/p>\n\n\n\n<ul class=\"wp-block-list\">\n<li><a href=\"https:\/\/drive.google.com\/file\/d\/1V9phfPjh2tm8OBpr_2q18OeklUNjZu_V\/view?usp=drive_link\" target=\"_blank\" rel=\"noreferrer noopener\">Circular 1er trimestre<\/a><\/li>\n\n\n\n<li><a href=\"https:\/\/drive.google.com\/file\/d\/1IoTEgIbnSzVMQdeDWgV-UinWMikEeikN\/view?usp=drive_link\" target=\"_blank\" rel=\"noreferrer noopener\">Circular 2\u00ba trimestre<\/a><\/li>\n\n\n\n<li><a href=\"https:\/\/drive.google.com\/file\/d\/1oyjY32htuEowEvqoI8D61engeg-DXIDK\/view?usp=drive_link\" target=\"_blank\" rel=\"noreferrer noopener\">Circular 3er trimestre<\/a><\/li>\n\n\n\n<li><a href=\"https:\/\/drive.google.com\/file\/d\/1rzpdrXKT16i1_3NvY3WDi4KPFippEs_M\/view?usp=drive_link\" target=\"_blank\" rel=\"noreferrer noopener\">Circular 4\u00ba trimestre<\/a><\/li>\n<\/ul>\n\n\n\n<hr class=\"wp-block-separator has-text-color has-alpha-channel-opacity has-background linea-circular\" style=\"background-color:#00a97e;color:#00a97e\"\/>\n<\/div>\n\n\n\n<div class=\"wp-block-column is-layout-flow wp-block-column-is-layout-flow\">\n<p><strong>A\u00d1O 2017<\/strong><\/p>\n\n\n\n<ul class=\"wp-block-list\">\n<li><a href=\"https:\/\/drive.google.com\/file\/d\/1H6eCJSJZyap2zVjzmgBqpiA9-cNfv6hE\/view?usp=drive_link\" target=\"_blank\" rel=\"noreferrer noopener\">Circular 1er trimestre<\/a><\/li>\n\n\n\n<li><a href=\"https:\/\/drive.google.com\/file\/d\/1p0vQjJ5p7TdSLgTBFjy7LqcI5a-oW6XX\/view?usp=drive_link\" target=\"_blank\" rel=\"noreferrer noopener\">Circular 2\u00ba trimestre<\/a><\/li>\n\n\n\n<li><a href=\"https:\/\/drive.google.com\/file\/d\/1QOLCmFM_pKs7LzF8HGRWnB8141OgJv3e\/view?usp=drive_link\" target=\"_blank\" rel=\"noreferrer noopener\">Circular 3er trimestre<\/a><\/li>\n\n\n\n<li><a href=\"https:\/\/drive.google.com\/file\/d\/1pr3a89xpY-92_DCSuwLrBMhTl2jqOH_4\/view?usp=drive_link\" target=\"_blank\" rel=\"noreferrer noopener\">Circular 4\u00ba trimestre<\/a><\/li>\n<\/ul>\n\n\n\n<hr class=\"wp-block-separator has-text-color has-alpha-channel-opacity has-background linea-circular\" style=\"background-color:#00a97e;color:#00a97e\"\/>\n<\/div>\n<\/div>\n\n\n\n<div class=\"wp-block-columns is-layout-flex wp-container-core-columns-is-layout-9d6595d7 wp-block-columns-is-layout-flex\">\n<div class=\"wp-block-column is-layout-flow wp-block-column-is-layout-flow\">\n<p><strong>A\u00d1O 2018<\/strong><\/p>\n\n\n\n<ul class=\"wp-block-list\">\n<li><a href=\"https:\/\/drive.google.com\/file\/d\/18xTtgp3f65IClvBBOpuaQi_oTEd0xrHM\/view?usp=drive_link\">Circular 1er trimestre<\/a><\/li>\n\n\n\n<li><a href=\"https:\/\/drive.google.com\/file\/d\/1mmsIJOq6vPRofjXArqzUEe0mizcikgfe\/view?usp=drive_link\" data-type=\"link\" data-id=\"https:\/\/drive.google.com\/file\/d\/1CNokXa7j1JJ-J2kZph-1T9moURyycTi2\/view?usp=drive_link\" target=\"_blank\" rel=\"noreferrer noopener\">Circular 2\u00ba trimestre<\/a><\/li>\n<\/ul>\n\n\n\n<hr class=\"wp-block-separator has-text-color has-alpha-channel-opacity has-background linea-circular\" style=\"background-color:#00a97e;color:#00a97e\"\/>\n<\/div>\n\n\n\n<div class=\"wp-block-column is-layout-flow wp-block-column-is-layout-flow\"><\/div>\n\n\n\n<div class=\"wp-block-column is-layout-flow wp-block-column-is-layout-flow\">\n<p>A partir del 2018, las circulares pasan a formar parte de la publicaci\u00f3n &#8220;El Teulad\u00ed&#8221;<\/p>\n\n\n\n<div style=\"height:15px\" aria-hidden=\"true\" class=\"wp-block-spacer\"><\/div>\n\n\n\n<div class=\"wp-block-buttons is-content-justification-center is-layout-flex wp-container-core-buttons-is-layout-16018d1d wp-block-buttons-is-layout-flex\">\n<div class=\"wp-block-button has-custom-width wp-block-button__width-100 is-style-fill\"><a class=\"wp-block-button__link has-white-color has-text-color has-background has-link-color wp-element-button\" href=\"https:\/\/svornitologia.org\/el-teuladi\/\" style=\"background-color:#00a97e\">Ir a El Teulad\u00ed<\/a><\/div>\n<\/div>\n<\/div>\n<\/div>\n\n\n\n<div style=\"height:150px\" aria-hidden=\"true\" class=\"wp-block-spacer\"><\/div>\n","protected":false},"excerpt":{"rendered":"<p>La &#8220;Circular de actividades&#8221; era una publicaci\u00f3n electr\u00f3nica que se edit\u00f3 trimestralmente desde 2006 hasta principios de 2018 para difundir tanto actividades realizadas como para notificar de futuras. A d\u00eda de hoy la circular ha evolucionado a un bolet\u00edn llamado &#8220;El Teulad\u00ed&#8220;, que tambi\u00e9n tenemos disponible para su descarga en la web. Adem\u00e1s de dar [&hellip;]<\/p>\n","protected":false},"author":1,"featured_media":0,"parent":0,"menu_order":0,"comment_status":"closed","ping_status":"closed","template":"","meta":{"footnotes":""},"class_list":["post-1157","page","type-page","status-publish","hentry","clearfix"],"_links":{"self":[{"href":"https:\/\/svornitologia.org\/es\/wp-json\/wp\/v2\/pages\/1157","targetHints":{"allow":["GET"]}}],"collection":[{"href":"https:\/\/svornitologia.org\/es\/wp-json\/wp\/v2\/pages"}],"about":[{"href":"https:\/\/svornitologia.org\/es\/wp-json\/wp\/v2\/types\/page"}],"author":[{"embeddable":true,"href":"https:\/\/svornitologia.org\/es\/wp-json\/wp\/v2\/users\/1"}],"replies":[{"embeddable":true,"href":"https:\/\/svornitologia.org\/es\/wp-json\/wp\/v2\/comments?post=1157"}],"version-history":[{"count":36,"href":"https:\/\/svornitologia.org\/es\/wp-json\/wp\/v2\/pages\/1157\/revisions"}],"predecessor-version":[{"id":3880,"href":"https:\/\/svornitologia.org\/es\/wp-json\/wp\/v2\/pages\/1157\/revisions\/3880"}],"wp:attachment":[{"href":"https:\/\/svornitologia.org\/es\/wp-json\/wp\/v2\/media?parent=1157"}],"curies":[{"name":"wp","href":"https:\/\/api.w.org\/{rel}","templated":true}]}}