{"id":1154,"date":"2018-05-08T17:01:22","date_gmt":"2018-05-08T17:01:22","guid":{"rendered":"https:\/\/svornitologia.org\/?page_id=1154"},"modified":"2023-06-30T13:19:35","modified_gmt":"2023-06-30T13:19:35","slug":"el-serenet","status":"publish","type":"page","link":"https:\/\/svornitologia.org\/es\/el-serenet\/","title":{"rendered":"EL SERENET"},"content":{"rendered":"<p><strong>El Serenet, la revista cient\u00edfica de la Societat Valenciana d\u2019Ornitologia:<\/strong><\/p>\n<p style=\"text-align: justify;\">Desde su formaci\u00f3n como sociedad, la SVO ha tenido como misi\u00f3n dar a conocer y poner en valor la biodiversidad valenciana, contribuyendo as\u00ed a su conservaci\u00f3n con la informaci\u00f3n cient\u00edfica m\u00e1s actualizada posible, algo a lo que ha ayudado sin duda <em>El Serenet<\/em>, la revista cient\u00edfica de la SVO y una de sus se\u00f1as de identidad.<\/p>\n<p style=\"text-align: justify;\">La edici\u00f3n de la revista se inici\u00f3 en 1995, un a\u00f1o despu\u00e9s de la fundaci\u00f3n de la asociaci\u00f3n. Desde ese primer volumen hasta el n\u00ba 6, <em>El Serenet<\/em> fue una publicaci\u00f3n que mezclaba art\u00edculos cient\u00edficos, divulgativos e incluso entrevistas o cr\u00f3nicas ornitol\u00f3gicas.<\/p>\n<p style=\"text-align: justify;\">Con el volumen 7 se inici\u00f3 una nueva etapa m\u00e1s rigurosa, m\u00e1s t\u00e9cnica, ya que s\u00f3lo desde el conocimiento m\u00e1s serio de la avifauna de nuestra geograf\u00eda podremos contribuir a su conservaci\u00f3n de la forma m\u00e1s efectiva.<\/p>\n<p style=\"text-align: justify;\"><img loading=\"lazy\" decoding=\"async\" class=\"aligncenter size-full wp-image-1276\" src=\"https:\/\/svornitologia.org\/wp-content\/uploads\/2018\/05\/serenet-e1527523597801.jpg\" alt=\"serenet\" width=\"600\" height=\"402\" \/><\/p>\n<p style=\"text-align: center;\"><em>Imagen 1. Volumen 9 de El Serenet<\/em><\/p>\n<p style=\"text-align: justify;\">En la actualidad la revista se publica con una periodicidad bianual siguiendo el proceso de revisi\u00f3n por pares o \u201cpeer-review\u201d, \u00a0como lo denominan los anglosajones. De este modo, todos los manuscritos que nos llegan son remitidos a expertos externos en cada una de las materias, \u00a0a los que les pedimos que aporten desinteresadamente sus comentarios de la forma m\u00e1s constructiva posible en aras de la mejora del manuscrito original. Gracias a este intercambio entre autores, revisores y editores, los trabajos son mejorados al m\u00e1ximo, intentando de este modo ser garant\u00eda de calidad y de credibilidad de la informaci\u00f3n que en ellos se publica.<\/p>\n<p style=\"text-align: justify;\">Estamos en un mundo cada vez m\u00e1s globalizado donde el ingl\u00e9s es, desde hace muchos a\u00f1os, la lengua vehicular con la que se comunica la ciencia en todas sus disciplinas. Conscientes de esta circunstancia, y teniendo en cuenta el mercado cada vez m\u00e1s saturado de publicaciones de \u00edndole ambiental a todos los niveles, seguimos pensando que a\u00fan tienen cabida publicaciones como <em>El Serenet,<\/em> ya que de otro modo ser\u00eda muy dif\u00edcil poder difundir trabajos de \u00e1mbito geogr\u00e1fico limitado y en lenguas como el castellano o el valenciano.<\/p>\n<p style=\"text-align: justify;\">Os animamos a que sig\u00e1is contribuyendo con vuestras aportaciones ya que sin vuestro trabajo nada de todo esto tendr\u00eda sentido. Desde aqu\u00ed, como siempre, nuestro m\u00e1s sincero agradecimiento a todos los autores, revisores y encargado de la maquetaci\u00f3n de los art\u00edculos que pod\u00e9is leer a continuaci\u00f3n.<\/p>\n<p><a href=\"https:\/\/svornitologia.org\/normas-de-publicacion\/\"><strong>Enlace a NORMAS DE PUBLICACI\u00d3N<\/strong>.<\/a><\/p>\n<p>Para m\u00e1s informaci\u00f3n o env\u00edo de trabajos pod\u00e9is escribir un e-mail a: <strong><a href=\"mailto:elserenet@gmail.com\">elserenet@gmail.com<\/a><\/strong><\/p>\n<p><strong>Vol\u00famenes:<\/strong><\/p>\n<p><strong><a href=\"https:\/\/drive.google.com\/file\/d\/1FjQxx8kpvWF-mXNz7U0GSX8n2nE5Emqg\/view?usp=sharing\" target=\"_blank\" rel=\"noopener\"><img loading=\"lazy\" decoding=\"async\" class=\"alignnone size-medium wp-image-2285\" src=\"https:\/\/svornitologia.org\/wp-content\/uploads\/2019\/01\/8b153d69-4034-4494-9ab4-45c409f32762-214x300.jpg\" alt=\"\" width=\"214\" height=\"300\" srcset=\"https:\/\/svornitologia.org\/wp-content\/uploads\/2019\/01\/8b153d69-4034-4494-9ab4-45c409f32762-214x300.jpg 214w, https:\/\/svornitologia.org\/wp-content\/uploads\/2019\/01\/8b153d69-4034-4494-9ab4-45c409f32762.jpg 454w\" sizes=\"auto, (max-width: 214px) 100vw, 214px\" \/><\/a>\u00a0<a href=\"https:\/\/drive.google.com\/file\/d\/1VJFZyAmP9BatpYF8awDiSI1YddrPFlOI\/view?usp=sharing\" target=\"_blank\" rel=\"noopener\"><img loading=\"lazy\" decoding=\"async\" class=\"alignnone wp-image-2267 size-medium\" src=\"https:\/\/svornitologia.org\/wp-content\/uploads\/2019\/01\/Vol.0.2-211x300.jpg\" alt=\"\" width=\"211\" height=\"300\" srcset=\"https:\/\/svornitologia.org\/wp-content\/uploads\/2019\/01\/Vol.0.2-211x300.jpg 211w, https:\/\/svornitologia.org\/wp-content\/uploads\/2019\/01\/Vol.0.2.jpg 221w\" sizes=\"auto, (max-width: 211px) 100vw, 211px\" \/><\/a>\u00a0<a href=\"https:\/\/drive.google.com\/file\/d\/1IToWDbuBwUgutTZQB3RSDbvlp9Bdr3iq\/view?usp=sharing\" target=\"_blank\" rel=\"noopener\"><img loading=\"lazy\" decoding=\"async\" class=\"alignnone wp-image-2268 size-medium\" src=\"https:\/\/svornitologia.org\/wp-content\/uploads\/2019\/01\/Vol.0.3_4-211x300.jpg\" alt=\"\" width=\"211\" height=\"300\" srcset=\"https:\/\/svornitologia.org\/wp-content\/uploads\/2019\/01\/Vol.0.3_4-211x300.jpg 211w, https:\/\/svornitologia.org\/wp-content\/uploads\/2019\/01\/Vol.0.3_4.jpg 221w\" sizes=\"auto, (max-width: 211px) 100vw, 211px\" \/><\/a><\/strong><\/p>\n<p><strong><a href=\"https:\/\/drive.google.com\/file\/d\/1naaVCDF5YTEV239wg-sSRSJlABgUnDTg\/view?usp=sharing\" target=\"_blank\" rel=\"noopener\"><img loading=\"lazy\" decoding=\"async\" class=\"alignnone wp-image-2269 size-medium\" src=\"https:\/\/svornitologia.org\/wp-content\/uploads\/2019\/01\/Vol.1.1_2-214x300.jpg\" alt=\"\" width=\"214\" height=\"300\" srcset=\"https:\/\/svornitologia.org\/wp-content\/uploads\/2019\/01\/Vol.1.1_2-214x300.jpg 214w, https:\/\/svornitologia.org\/wp-content\/uploads\/2019\/01\/Vol.1.1_2.jpg 224w\" sizes=\"auto, (max-width: 214px) 100vw, 214px\" \/>\u00a0<\/a><\/strong><strong><a href=\"https:\/\/drive.google.com\/file\/d\/1jY79OiE1LH9D4hCxfXnvbYgq_-rwU-7U\/view?usp=sharing\" target=\"_blank\" rel=\"noopener\"><img loading=\"lazy\" decoding=\"async\" class=\"alignnone wp-image-2270 size-medium\" src=\"https:\/\/svornitologia.org\/wp-content\/uploads\/2019\/01\/Vol.1.3_4-211x300.jpg\" alt=\"\" width=\"211\" height=\"300\" srcset=\"https:\/\/svornitologia.org\/wp-content\/uploads\/2019\/01\/Vol.1.3_4-211x300.jpg 211w, https:\/\/svornitologia.org\/wp-content\/uploads\/2019\/01\/Vol.1.3_4.jpg 221w\" sizes=\"auto, (max-width: 211px) 100vw, 211px\" \/><\/a>\u00a0<a href=\"https:\/\/drive.google.com\/file\/d\/1fv95ehHbO00tLSzEDyMJBGUidhWyaFQ-\/view?usp=sharing\" target=\"_blank\" rel=\"noopener\"><img loading=\"lazy\" decoding=\"async\" class=\"alignnone wp-image-2271 size-medium\" src=\"https:\/\/svornitologia.org\/wp-content\/uploads\/2019\/01\/Vol.2.1-211x300.jpg\" alt=\"\" width=\"211\" height=\"300\" srcset=\"https:\/\/svornitologia.org\/wp-content\/uploads\/2019\/01\/Vol.2.1-211x300.jpg 211w, https:\/\/svornitologia.org\/wp-content\/uploads\/2019\/01\/Vol.2.1.jpg 221w\" sizes=\"auto, (max-width: 211px) 100vw, 211px\" \/><\/a><\/strong><\/p>\n<p><strong><a href=\"https:\/\/drive.google.com\/file\/d\/1PVsqL-wbJoz0ccPegUfc-hAwGbdkisSC\/view?usp=sharing\" target=\"_blank\" rel=\"noopener\"><img loading=\"lazy\" decoding=\"async\" class=\"alignnone wp-image-2272 size-medium\" src=\"https:\/\/svornitologia.org\/wp-content\/uploads\/2019\/01\/Vol.2.2-211x300.jpg\" alt=\"\" width=\"211\" height=\"300\" srcset=\"https:\/\/svornitologia.org\/wp-content\/uploads\/2019\/01\/Vol.2.2-211x300.jpg 211w, https:\/\/svornitologia.org\/wp-content\/uploads\/2019\/01\/Vol.2.2.jpg 221w\" sizes=\"auto, (max-width: 211px) 100vw, 211px\" \/><img loading=\"lazy\" decoding=\"async\" class=\"alignnone wp-image-2878 size-medium\" src=\"https:\/\/svornitologia.org\/wp-content\/uploads\/2019\/11\/Serenet_Vol3_n1-210x300.jpg\" alt=\"\" width=\"210\" height=\"300\" srcset=\"https:\/\/svornitologia.org\/wp-content\/uploads\/2019\/11\/Serenet_Vol3_n1-210x300.jpg 210w, https:\/\/svornitologia.org\/wp-content\/uploads\/2019\/11\/Serenet_Vol3_n1.jpg 529w\" sizes=\"auto, (max-width: 210px) 100vw, 210px\" \/><\/a>\u00a0<a href=\"https:\/\/drive.google.com\/file\/d\/1YARLoldwukzfMUE5W8NMfQ0H8Sd0xqr5\/view?usp=sharing\" target=\"_blank\" rel=\"noopener\"><img loading=\"lazy\" decoding=\"async\" class=\"alignnone size-medium wp-image-2273\" src=\"https:\/\/svornitologia.org\/wp-content\/uploads\/2019\/01\/Vol.3.2-211x300.jpg\" alt=\"\" width=\"211\" height=\"300\" srcset=\"https:\/\/svornitologia.org\/wp-content\/uploads\/2019\/01\/Vol.3.2-211x300.jpg 211w, https:\/\/svornitologia.org\/wp-content\/uploads\/2019\/01\/Vol.3.2.jpg 221w\" sizes=\"auto, (max-width: 211px) 100vw, 211px\" \/><\/a><\/strong><strong>\u00a0<\/strong><\/p>\n<p><a href=\"https:\/\/drive.google.com\/file\/d\/1B0rr4wIpvKOHfHnR8_jEJsx94k58LqvR\/view?usp=sharing\" target=\"_blank\" rel=\"noopener\"><strong><img loading=\"lazy\" decoding=\"async\" class=\"alignnone size-medium wp-image-2274\" src=\"https:\/\/svornitologia.org\/wp-content\/uploads\/2019\/01\/Vol.4.1-211x300.jpg\" alt=\"\" width=\"211\" height=\"300\" srcset=\"https:\/\/svornitologia.org\/wp-content\/uploads\/2019\/01\/Vol.4.1-211x300.jpg 211w, https:\/\/svornitologia.org\/wp-content\/uploads\/2019\/01\/Vol.4.1.jpg 221w\" sizes=\"auto, (max-width: 211px) 100vw, 211px\" \/><\/strong><\/a><strong><a href=\"https:\/\/drive.google.com\/file\/d\/1veVhnrQeRDXdwL6ladLF5QmnJbPoAw7-\/view?usp=sharing\" target=\"_blank\" rel=\"noopener\"><img loading=\"lazy\" decoding=\"async\" class=\"alignnone size-medium wp-image-2275\" src=\"https:\/\/svornitologia.org\/wp-content\/uploads\/2019\/01\/Vol.5.1-211x300.jpg\" alt=\"\" width=\"211\" height=\"300\" srcset=\"https:\/\/svornitologia.org\/wp-content\/uploads\/2019\/01\/Vol.5.1-211x300.jpg 211w, https:\/\/svornitologia.org\/wp-content\/uploads\/2019\/01\/Vol.5.1.jpg 221w\" sizes=\"auto, (max-width: 211px) 100vw, 211px\" \/><\/a>\u00a0<\/strong><strong><a href=\"https:\/\/drive.google.com\/file\/d\/1lYo8--nCBi--MaKVVPRCgtXUz4nUK6hd\/view?usp=sharing\" target=\"_blank\" rel=\"noopener\"><img loading=\"lazy\" decoding=\"async\" class=\"alignnone size-medium wp-image-2276\" src=\"https:\/\/svornitologia.org\/wp-content\/uploads\/2019\/01\/Vol.6.1-211x300.jpg\" alt=\"\" width=\"211\" height=\"300\" srcset=\"https:\/\/svornitologia.org\/wp-content\/uploads\/2019\/01\/Vol.6.1-211x300.jpg 211w, https:\/\/svornitologia.org\/wp-content\/uploads\/2019\/01\/Vol.6.1.jpg 221w\" sizes=\"auto, (max-width: 211px) 100vw, 211px\" \/><\/a>\u00a0<\/strong><\/p>\n<p><a href=\"https:\/\/drive.google.com\/file\/d\/1hGmBaC19pdXa3tYpa0el9QCGLxkawK5p\/view?usp=sharing\" target=\"_blank\" rel=\"noopener\"><strong><img loading=\"lazy\" decoding=\"async\" class=\"alignnone size-medium wp-image-2277\" src=\"https:\/\/svornitologia.org\/wp-content\/uploads\/2019\/01\/Vol.7.1-211x300.jpg\" alt=\"\" width=\"211\" height=\"300\" srcset=\"https:\/\/svornitologia.org\/wp-content\/uploads\/2019\/01\/Vol.7.1-211x300.jpg 211w, https:\/\/svornitologia.org\/wp-content\/uploads\/2019\/01\/Vol.7.1.jpg 221w\" sizes=\"auto, (max-width: 211px) 100vw, 211px\" \/><\/strong><\/a><strong><a href=\"https:\/\/drive.google.com\/file\/d\/1uqe5iDnRtU4iMGBEwmap2WYQptwzU7fU\/view?usp=sharing\" target=\"_blank\" rel=\"noopener\"><img loading=\"lazy\" decoding=\"async\" class=\"alignnone size-medium wp-image-2278\" src=\"https:\/\/svornitologia.org\/wp-content\/uploads\/2019\/01\/Vol.8.1-211x300.jpg\" alt=\"\" width=\"211\" height=\"300\" srcset=\"https:\/\/svornitologia.org\/wp-content\/uploads\/2019\/01\/Vol.8.1-211x300.jpg 211w, https:\/\/svornitologia.org\/wp-content\/uploads\/2019\/01\/Vol.8.1.jpg 221w\" sizes=\"auto, (max-width: 211px) 100vw, 211px\" \/><\/a>\u00a0<a href=\"https:\/\/drive.google.com\/file\/d\/1cpQjNEMlSJi9LvEXqQhF2T08sha-0kQO\/view?usp=sharing\" target=\"_blank\" rel=\"noopener\"><img loading=\"lazy\" decoding=\"async\" class=\"alignnone size-medium wp-image-2290\" src=\"https:\/\/svornitologia.org\/wp-content\/uploads\/2019\/01\/WhatsApp-Image-2019-01-27-at-20.08.52-211x300.jpeg\" alt=\"\" width=\"211\" height=\"300\" srcset=\"https:\/\/svornitologia.org\/wp-content\/uploads\/2019\/01\/WhatsApp-Image-2019-01-27-at-20.08.52-211x300.jpeg 211w, https:\/\/svornitologia.org\/wp-content\/uploads\/2019\/01\/WhatsApp-Image-2019-01-27-at-20.08.52.jpeg 444w\" sizes=\"auto, (max-width: 211px) 100vw, 211px\" \/><\/a><\/strong><\/p>\n<p><a href=\"https:\/\/drive.google.com\/file\/d\/1OZF2bIGs3RAcBkRcnxzOqpSsOKsuMF_9\/view?usp=sharing\" target=\"_blank\" rel=\"noopener\"><strong><img loading=\"lazy\" decoding=\"async\" class=\"alignnone wp-image-2882 size-medium\" src=\"https:\/\/svornitologia.org\/wp-content\/uploads\/2019\/11\/Serenet_Vol10-216x300.jpg\" alt=\"\" width=\"216\" height=\"300\" srcset=\"https:\/\/svornitologia.org\/wp-content\/uploads\/2019\/11\/Serenet_Vol10-216x300.jpg 216w, https:\/\/svornitologia.org\/wp-content\/uploads\/2019\/11\/Serenet_Vol10.jpg 608w\" sizes=\"auto, (max-width: 216px) 100vw, 216px\" \/><\/strong><\/a><\/p>\n<p>&nbsp;<\/p>\n","protected":false},"excerpt":{"rendered":"<p>El Serenet, la revista cient\u00edfica de la Societat Valenciana d\u2019Ornitologia: Desde su formaci\u00f3n como sociedad, la SVO ha tenido como misi\u00f3n dar a conocer y poner en valor la biodiversidad valenciana, contribuyendo as\u00ed a su conservaci\u00f3n con la informaci\u00f3n cient\u00edfica m\u00e1s actualizada posible, algo a lo que ha ayudado sin duda El Serenet, la revista [&hellip;]<\/p>\n","protected":false},"author":1,"featured_media":0,"parent":0,"menu_order":0,"comment_status":"closed","ping_status":"closed","template":"","meta":{"footnotes":""},"class_list":["post-1154","page","type-page","status-publish","hentry","clearfix"],"_links":{"self":[{"href":"https:\/\/svornitologia.org\/es\/wp-json\/wp\/v2\/pages\/1154","targetHints":{"allow":["GET"]}}],"collection":[{"href":"https:\/\/svornitologia.org\/es\/wp-json\/wp\/v2\/pages"}],"about":[{"href":"https:\/\/svornitologia.org\/es\/wp-json\/wp\/v2\/types\/page"}],"author":[{"embeddable":true,"href":"https:\/\/svornitologia.org\/es\/wp-json\/wp\/v2\/users\/1"}],"replies":[{"embeddable":true,"href":"https:\/\/svornitologia.org\/es\/wp-json\/wp\/v2\/comments?post=1154"}],"version-history":[{"count":12,"href":"https:\/\/svornitologia.org\/es\/wp-json\/wp\/v2\/pages\/1154\/revisions"}],"predecessor-version":[{"id":3179,"href":"https:\/\/svornitologia.org\/es\/wp-json\/wp\/v2\/pages\/1154\/revisions\/3179"}],"wp:attachment":[{"href":"https:\/\/svornitologia.org\/es\/wp-json\/wp\/v2\/media?parent=1154"}],"curies":[{"name":"wp","href":"https:\/\/api.w.org\/{rel}","templated":true}]}}