{"id":1146,"date":"2018-05-08T16:59:08","date_gmt":"2018-05-08T16:59:08","guid":{"rendered":"https:\/\/svornitologia.org\/?page_id=1146"},"modified":"2024-12-04T10:53:09","modified_gmt":"2024-12-04T09:53:09","slug":"censo-aguilucho-lagunero","status":"publish","type":"page","link":"https:\/\/svornitologia.org\/es\/censo-aguilucho-lagunero\/","title":{"rendered":"Censo aguilucho lagunero"},"content":{"rendered":"<p style=\"text-align: justify;\"><strong>Censo invernal de Aguilucho lagunero (<em>Circus aeruginosus<\/em>) en dormidero en el Parque Natural de L\u2019Albufera<\/strong>.<\/p>\n<p style=\"text-align: justify;\">Este m\u00e9todo de censo, pretende contabilizar los ejemplares invernantes existentes en el P. N. de L&#8217;Albufera. Durante el d\u00eda campean por diferentes lugares: lago, devesa, arrozales\u2026 pero al atardecer se echan a dormir a las matas de vegetaci\u00f3n palustre diseminadas por todo el lago.<\/p>\n<p style=\"text-align: justify;\">Para contabilizarlos, nos colocamos en diferentes puntos ubicados en la periferia\u00a0del\u00a0lago y nos limitamos a contar los ejemplares que se echan a los dormideros al atardecer. Este m\u00e9todo de censo se realiza en enero, que es cuando se encuentra el mayor n\u00famero de ejemplares en los humedales valencianos en general y en L&#8217;Albufera en particular, ya que es una especie principalmente invernante. Existen algunas parejas reproductoras en la Comunidad Valenciana, y en L&#8217;Albufera han empezado a criar despu\u00e9s de m\u00e1s de dos d\u00e9cadas que no lo hac\u00edan. Sin embargo, su poblaci\u00f3n m\u00e1s numerosa se encuentra en invierno.<\/p>\n<p style=\"text-align: center;\"><img loading=\"lazy\" decoding=\"async\" class=\"aligncenter size-full wp-image-1387\" src=\"https:\/\/svornitologia.org\/wp-content\/uploads\/2018\/05\/Arpellot.jpg\" alt=\"\" width=\"699\" height=\"465\" srcset=\"https:\/\/svornitologia.org\/wp-content\/uploads\/2018\/05\/Arpellot.jpg 699w, https:\/\/svornitologia.org\/wp-content\/uploads\/2018\/05\/Arpellot-300x200.jpg 300w\" sizes=\"auto, (max-width: 699px) 100vw, 699px\" \/><em>Imagen 1. Punto de muestreo<\/em><\/p>\n<p style=\"text-align: justify;\">Despu\u00e9s de casi 20 a\u00f1os censando, se ha comprobado que la poblaci\u00f3n invernante ha ido aumentando progresivamente, desde los pocos 200 ejemplares registrados en los primeros a\u00f1os hasta los aproximadamente 400 ejemplares que se observan actualmente. Por lo tanto, se considera al P. N. de L&#8217;Albufera, junto con el P. N.\u00a0del\u00a0Delta de l&#8217;Ebre, como el humedal m\u00e1s importante\u00a0del\u00a0litoral mediterr\u00e1neo espa\u00f1ol para la invernada de la especie.<\/p>\n<p style=\"text-align: justify;\">Este aumento de ejemplares puede deberse a que en estos \u00faltimos a\u00f1os la reproducci\u00f3n en sus lugares de cr\u00eda ha sido favorable. La continuidad de este censo nos mostrar\u00e1 c\u00f3mo ser\u00e1 la evoluci\u00f3n de la poblaci\u00f3n invernante en el parque.<\/p>\n<p><a href=\"https:\/\/drive.google.com\/file\/d\/1Mk43W8usc8PXC3EGSewbXFkoZU_tRT7J\/view?usp=sharing\" target=\"_blank\" rel=\"noopener\"><strong>RESULTADOS<\/strong><\/a><\/p>\n","protected":false},"excerpt":{"rendered":"<p>Censo invernal de Aguilucho lagunero (Circus aeruginosus) en dormidero en el Parque Natural de L\u2019Albufera. Este m\u00e9todo de censo, pretende contabilizar los ejemplares invernantes existentes en el P. N. de L&#8217;Albufera. Durante el d\u00eda campean por diferentes lugares: lago, devesa, arrozales\u2026 pero al atardecer se echan a dormir a las matas de vegetaci\u00f3n palustre diseminadas [&hellip;]<\/p>\n","protected":false},"author":1,"featured_media":0,"parent":0,"menu_order":0,"comment_status":"closed","ping_status":"closed","template":"","meta":{"footnotes":""},"class_list":["post-1146","page","type-page","status-publish","hentry","clearfix"],"_links":{"self":[{"href":"https:\/\/svornitologia.org\/es\/wp-json\/wp\/v2\/pages\/1146","targetHints":{"allow":["GET"]}}],"collection":[{"href":"https:\/\/svornitologia.org\/es\/wp-json\/wp\/v2\/pages"}],"about":[{"href":"https:\/\/svornitologia.org\/es\/wp-json\/wp\/v2\/types\/page"}],"author":[{"embeddable":true,"href":"https:\/\/svornitologia.org\/es\/wp-json\/wp\/v2\/users\/1"}],"replies":[{"embeddable":true,"href":"https:\/\/svornitologia.org\/es\/wp-json\/wp\/v2\/comments?post=1146"}],"version-history":[{"count":1,"href":"https:\/\/svornitologia.org\/es\/wp-json\/wp\/v2\/pages\/1146\/revisions"}],"predecessor-version":[{"id":3666,"href":"https:\/\/svornitologia.org\/es\/wp-json\/wp\/v2\/pages\/1146\/revisions\/3666"}],"wp:attachment":[{"href":"https:\/\/svornitologia.org\/es\/wp-json\/wp\/v2\/media?parent=1146"}],"curies":[{"name":"wp","href":"https:\/\/api.w.org\/{rel}","templated":true}]}}