{"id":1142,"date":"2018-05-08T16:58:34","date_gmt":"2018-05-08T16:58:34","guid":{"rendered":"https:\/\/svornitologia.org\/?page_id=1142"},"modified":"2018-05-28T16:03:59","modified_gmt":"2018-05-28T16:03:59","slug":"censo-aves-acuaticas","status":"publish","type":"page","link":"https:\/\/svornitologia.org\/es\/censo-aves-acuaticas\/","title":{"rendered":"Censo aves acu\u00e1ticas"},"content":{"rendered":"<p style=\"text-align: justify;\"><strong>Censo de aves acu\u00e1ticas invernantes en embalses y otras masas de agua del interior de la Comunidad Valenciana<\/strong><\/p>\n<p style=\"text-align: justify;\">Desde 1967, la organizaci\u00f3n Wetlands International promueve y coordina un programa de censos de aves acu\u00e1ticas en humedales, que se desarrolla en todos los continentes. Los censos se llevan a cabo anualmente durante el mes de enero, periodo en el que muchas especies de acu\u00e1ticas se congregan en enclaves concretos y sus contingentes se muestran m\u00e1s estables, por lo que su recuento es m\u00e1s sencillo y fiable que en otras \u00e9pocas del a\u00f1o. En la regi\u00f3n del Pale\u00e1rtico occidental, que comprende Europa y Oriente Pr\u00f3ximo, se cubren alrededor de 20.000 humedales en 50 pa\u00edses, gracias a la colaboraci\u00f3n de m\u00e1s de 10.000 observadores, que globalmente censan unos 20 millones de aves de 175 especies.<\/p>\n<p><em style=\"text-align: justify;\"><img loading=\"lazy\" decoding=\"async\" class=\"size-full wp-image-1232 aligncenter\" src=\"https:\/\/svornitologia.org\/wp-content\/uploads\/2018\/05\/Forata.jpg\" alt=\"\" width=\"924\" height=\"693\" srcset=\"https:\/\/svornitologia.org\/wp-content\/uploads\/2018\/05\/Forata.jpg 924w, https:\/\/svornitologia.org\/wp-content\/uploads\/2018\/05\/Forata-300x225.jpg 300w, https:\/\/svornitologia.org\/wp-content\/uploads\/2018\/05\/Forata-768x576.jpg 768w\" sizes=\"auto, (max-width: 924px) 100vw, 924px\" \/><\/em><\/p>\n<p style=\"text-align: center;\"><em>Imagen 1. Embalse de Forata, Y\u00e1tova (la Hoya de Bu\u00f1ol). Se trata del \u00fanico embalse delr\u00edo magro, situado a los pies de las sierras de Malacara (al norte) y Mart\u00e9s (al sur). Fue construido en 1969 con una capacidad de 37 hm\u00b3 y una superficie de 231 ha.<\/em><\/p>\n<p style=\"text-align: justify;\">El aspecto m\u00e1s relevante de este programa es su capacidad para proporcionar tendencias de poblaciones de aves a largo plazo, mediante recogida de datos de forma estandarizada: recuentos efectuados con la misma metodolog\u00eda y en los mismos sitios cada a\u00f1o. De esta forma, se dispone de informaci\u00f3n sobre la evoluci\u00f3n de las poblaciones de aves acu\u00e1ticas y su estado de conservaci\u00f3n, teniendo en cuenta que esta informaci\u00f3n es crucial para su gesti\u00f3n (muchas son aprovechadas cineg\u00e9ticamente, otras se encuentran amenazadas). Peri\u00f3dicamente se publican documentos analizando estos resultados a nivel internacional.<\/p>\n<p style=\"text-align: justify;\">Adem\u00e1s, los censos de acu\u00e1ticas se han convertido en un instrumento fundamental para el conocimiento y valoraci\u00f3n de sus h\u00e1bitats, los humedales, que son objeto de atenci\u00f3n preferente por su fragilidad y singularidad. Instrumentos internacionales dedicados a la protecci\u00f3n de humedales y aves, como el <em>Convenio de Ramsar<\/em>, el <em>Convenio de Bonn<\/em> y el <em>Acuerdo para la conservaci\u00f3n de las aves acu\u00e1ticas migratorias afroeuroasi\u00e1ticas<\/em>, se nutren a nivel t\u00e9cnico y cient\u00edfico de los datos suministrados por este programa de censos.<\/p>\n<p style=\"text-align: justify;\">Como complemento a los censos de aves acu\u00e1ticas nidificantes e invernantes que se ven\u00edan realizando en los humedales litorales de la Comunidad Valenciana desde mediados de la d\u00e9cada de 1980 (SEO\/BirdLife y Servicio de Vida Silvestre de la Direcci\u00f3n General de Medio Natural), la Societat Valenciana d\u2019Ornitologia comenz\u00f3 en el a\u00f1o 2000 a muestrear algunos de los humedales interiores que hasta entonces hab\u00edan quedado fuera de los censos tradicionales. Y es que en el interior de la Comunidad Valenciana existe un buen n\u00famero de zonas h\u00famedas de origen artificial, entre las que sobresalen embalses para abastecimiento y producci\u00f3n de energ\u00eda, balsas de utilidad agr\u00edcola y otras resultantes de la actividad minera. El grado de conservaci\u00f3n estructural y funcional de estos ecosistemas es variable, pero todos albergan en diferente grado poblaciones de aves acu\u00e1ticas cuya magnitud hasta entonces era desconocida y val\u00eda la pena considerar.<\/p>\n<p style=\"text-align: justify;\">De este modo, el censo de las aves acu\u00e1ticas en embalses y otras masas de agua del interior de la Comunidad Valenciana se lleva realizando de forma ininterrumpida todos los a\u00f1os desde el a\u00f1o 2000 por socios de la SVO y otros colaboradores. En este censo intervienen observadores conocedores del terreno y competentes en la identificaci\u00f3n de aves, que desde la orilla prospectan la masa de agua con medios \u00f3pticos adecuados (telescopio y prism\u00e1ticos). Anotan en fichas el n\u00famero de aves presentes de cada especie. Los conteos son diurnos, aprovechando una mayor estabilidad de los bandos durante el d\u00eda, cuando las aves dedican mucho tiempo a reposar o alimentarse sin desplazarse. En el caso de grandes embalses, puede ser necesario el concurso de varios observadores que se encarguen de contar distintos sectores. Los censos se efect\u00faan cada a\u00f1o en torno a mediados de enero, simult\u00e1neamente en todos los embalses de la Comunidad Valenciana y otros humedales interiores, con el fin de evitar conteos repetidos de ejemplares que pudieran haberse trasladado de un lugar a otro.<\/p>\n<p><em style=\"text-align: justify;\"><img loading=\"lazy\" decoding=\"async\" class=\"size-full wp-image-1231 aligncenter\" src=\"https:\/\/svornitologia.org\/wp-content\/uploads\/2018\/05\/Benageber.jpg\" alt=\"\" width=\"924\" height=\"693\" srcset=\"https:\/\/svornitologia.org\/wp-content\/uploads\/2018\/05\/Benageber.jpg 924w, https:\/\/svornitologia.org\/wp-content\/uploads\/2018\/05\/Benageber-300x225.jpg 300w, https:\/\/svornitologia.org\/wp-content\/uploads\/2018\/05\/Benageber-768x576.jpg 768w\" sizes=\"auto, (max-width: 924px) 100vw, 924px\" \/><\/em><\/p>\n<p style=\"text-align: center;\"><em>Imagen 2. Embalse de Benag\u00e9ber, Benag\u00e9ber (la Serran\u00eda). Este pantano se construy\u00f3 en el a\u00f1o 1955 en el cauce del r\u00edo T\u00faria sobre 722 ha, con una capacidad m\u00e1xima de 228 hm\u00b3. Su construcci\u00f3n comport\u00f3 la desaparici\u00f3n del antiguo poblado, los habitantes del cual fueron trasladados a nuevos n\u00facleos como los de San Antonio de Benag\u00e9ber (en la actualidad en el Camp de T\u00faria), San Isidro de Benag\u00e9ber (en l&#8217;Horta Nord) o un nuevo Benag\u00e9ber cerca del antiguo.<\/em><\/p>\n<p style=\"text-align: justify;\">Esta metodolog\u00eda resulta particularmente indicada para el censo de an\u00e1tidas (patos) y fochas, cuyas poblaciones son as\u00ed monitorizadas con mucha fiabilidad. Sin embargo, hay otras especies de aves acu\u00e1ticas que se dispersan en humedales peque\u00f1os o r\u00edos (garzas, cormoranes), que son de h\u00e1bitos escondedizos (gallinetas, zampullines), cuyos contingentes son m\u00e1s inestables o que utilizan ambientes diferentes durante el invierno (gaviotas). Para ellas, las cifras obtenidas con la t\u00e9cnica antes descrita son menos fidedignas, y es necesario emplear estrategias alternativas (por ejemplo, el seguimiento de dormideros).<\/p>\n<p style=\"text-align: justify;\">A nivel general, la capacidad de acogida de los humedales interiores de la Comunidad Valenciana para las aves acu\u00e1ticas est\u00e1 muy relacionada con el nivel de inundaci\u00f3n de los mismos, que a su vez depende de las precipitaciones ca\u00eddas durante el a\u00f1o anterior. Cifras m\u00ednimas se han verificado durante ciclos de sequ\u00eda, en los que la mayor\u00eda de los individuos se concentran en aquellos humedales que mantengan condiciones hidrol\u00f3gicas aceptables. No obstante, el estado del conjunto de los humedales ib\u00e9ricos cuenta, ya que en temporadas especialmente lluviosas la gran disponibilidad de h\u00e1bitats permite una mayor dispersi\u00f3n de las poblaciones, con el resultado de conteos m\u00e1s bajos en embalses concretos. Tambi\u00e9n las tendencias num\u00e9ricas de algunas poblaciones derivadas de la protecci\u00f3n en zonas de cr\u00eda (caso del cormor\u00e1n grande), o las modificaciones progresivas de los rangos geogr\u00e1ficos ocupados, que pueden responder as\u00ed ante nuevas condiciones ambientales u oportunidades (caso de algunas an\u00e1tidas que invernan en mayor cuant\u00eda en regiones norte\u00f1as), pueden verse reflejadas en los datos de los censos.<\/p>\n<p style=\"text-align: justify;\"><em>\u00a0<\/em><\/p>\n","protected":false},"excerpt":{"rendered":"<p>Censo de aves acu\u00e1ticas invernantes en embalses y otras masas de agua del interior de la Comunidad Valenciana Desde 1967, la organizaci\u00f3n Wetlands International promueve y coordina un programa de censos de aves acu\u00e1ticas en humedales, que se desarrolla en todos los continentes. Los censos se llevan a cabo anualmente durante el mes de enero, [&hellip;]<\/p>\n","protected":false},"author":1,"featured_media":0,"parent":0,"menu_order":0,"comment_status":"closed","ping_status":"closed","template":"","meta":{"footnotes":""},"class_list":["post-1142","page","type-page","status-publish","hentry","clearfix"],"_links":{"self":[{"href":"https:\/\/svornitologia.org\/es\/wp-json\/wp\/v2\/pages\/1142","targetHints":{"allow":["GET"]}}],"collection":[{"href":"https:\/\/svornitologia.org\/es\/wp-json\/wp\/v2\/pages"}],"about":[{"href":"https:\/\/svornitologia.org\/es\/wp-json\/wp\/v2\/types\/page"}],"author":[{"embeddable":true,"href":"https:\/\/svornitologia.org\/es\/wp-json\/wp\/v2\/users\/1"}],"replies":[{"embeddable":true,"href":"https:\/\/svornitologia.org\/es\/wp-json\/wp\/v2\/comments?post=1142"}],"version-history":[{"count":0,"href":"https:\/\/svornitologia.org\/es\/wp-json\/wp\/v2\/pages\/1142\/revisions"}],"wp:attachment":[{"href":"https:\/\/svornitologia.org\/es\/wp-json\/wp\/v2\/media?parent=1142"}],"curies":[{"name":"wp","href":"https:\/\/api.w.org\/{rel}","templated":true}]}}