{"id":1139,"date":"2018-05-08T16:57:28","date_gmt":"2018-05-08T16:57:28","guid":{"rendered":"https:\/\/svornitologia.org\/?page_id=1139"},"modified":"2018-05-23T17:36:02","modified_gmt":"2018-05-23T17:36:02","slug":"oca","status":"publish","type":"page","link":"https:\/\/svornitologia.org\/es\/oca\/","title":{"rendered":"OCA"},"content":{"rendered":"<p style=\"text-align: justify;\">El <strong>proyecto OCA<\/strong> persigue el objetivo de aficionarse a la gente a la actividad de <strong>observar y clasificar<\/strong> <strong>p\u00e1jaros<\/strong>. Es decir, a lo que los pa\u00edses de habla inglesa llaman &#8220;<em>birdwatching<\/em>&#8221; o &#8220;<em>birding<\/em>&#8220;. Se trata de mostrar una manera nueva de disfrutar los paseos por la naturaleza, en familia, con amigos o solo, mediante la observaci\u00f3n e identificaci\u00f3n de las aves. No se trata de una actividad cient\u00edfica, sino l\u00fadica, dentro del marco de educaci\u00f3n medioambiental, para hacer que el p\u00fablico en general, adem\u00e1s de aprender a distinguir las aves ya disfrutar de esta actividad, adquieran un compromiso en la protecci\u00f3n y conservaci\u00f3n del medio ambiente y de los espacios naturales. S\u00f3lo a trav\u00e9s del conociendo de la riqueza que tenemos en el entorno se puede llegar a una concienciaci\u00f3n de verdad de que hay que preservarlo.<\/p>\n<p style=\"text-align: center;\"><em><img loading=\"lazy\" decoding=\"async\" class=\"aligncenter size-full wp-image-1391\" src=\"https:\/\/svornitologia.org\/wp-content\/uploads\/2018\/05\/OCA.jpg\" alt=\"\" width=\"698\" height=\"418\" srcset=\"https:\/\/svornitologia.org\/wp-content\/uploads\/2018\/05\/OCA.jpg 698w, https:\/\/svornitologia.org\/wp-content\/uploads\/2018\/05\/OCA-300x180.jpg 300w\" sizes=\"auto, (max-width: 698px) 100vw, 698px\" \/>Imagen 1. Foto grupal<\/em><\/p>\n<p style=\"text-align: justify;\">El proyecto se desarrolla mediante salidas peri\u00f3dicas para observar aves, con unos horarios y una distancia apropiadas para el p\u00fablico general, complementado con charlas y cursos sobre el tema. Se dispone de prism\u00e1ticos, libros de campo y fichas identificativas para las personas que se apuntan a las salidas y que no dispongan de ello.<\/p>\n<p style=\"text-align: justify;\">No es una actividad dirigida al ornit\u00f3logo consumado, que domina la materia y que le interesa las actividades con un car\u00e1cter m\u00e1s cient\u00edfico o profesional. Sin embargo, todo el mundo es bienvenido y aquellos que ya sean ornit\u00f3logos m\u00e1s avanzados tambi\u00e9n tienen cabida en las salidas, las cuales pueden enriquecer compartiendo sus conocimientos sobre las especies que se vayan viendo.<\/p>\n<p style=\"text-align: justify;\">Aunque la participaci\u00f3n en el proyecto es siempre gratuita, el proyecto ha recibido subvenciones de diferentes ayuntamientos, con los que hemos colaborado para ense\u00f1ar esta afici\u00f3n a sus habitantes.<\/p>\n<p style=\"text-align: center;\"><em><img loading=\"lazy\" decoding=\"async\" class=\"aligncenter size-full wp-image-1390\" src=\"https:\/\/svornitologia.org\/wp-content\/uploads\/2018\/05\/OCA2.jpg\" alt=\"\" width=\"698\" height=\"455\" srcset=\"https:\/\/svornitologia.org\/wp-content\/uploads\/2018\/05\/OCA2.jpg 698w, https:\/\/svornitologia.org\/wp-content\/uploads\/2018\/05\/OCA2-300x196.jpg 300w\" sizes=\"auto, (max-width: 698px) 100vw, 698px\" \/>Imagen 2. Barranc del Carraixet<\/p>\n<p><\/em><\/p>\n<p style=\"text-align: justify;\">Si todav\u00eda no est\u00e1s convencido de si te gustar\u00eda o no apuntarte a estas actividades, a continuaci\u00f3n te se\u00f1alamos algunos de los motivos que creemos m\u00e1s importantes para disfrutar de esta actividad:<\/p>\n<p>&nbsp;<\/p>\n<p style=\"text-align: justify;\"><strong>1) Belleza natural:<\/strong><\/p>\n<p style=\"text-align: justify;\">Es una forma de contactar con la belleza de la naturaleza. Las aves son atractivas por sus formas, colores, cantos y estilos de vuelo. El buscarlas implica disfrutar de la naturaleza.<\/p>\n<p>&nbsp;<\/p>\n<p style=\"text-align: justify;\"><strong>2) Aire libre:<\/strong><\/p>\n<p style=\"text-align: justify;\">Supone realizar ejercicio al aire libre, caminar, moverse.<\/p>\n<p>&nbsp;<\/p>\n<p style=\"text-align: justify;\"><strong>3) Conocimiento:<\/strong><\/p>\n<p style=\"text-align: justify;\">Requiere ir adquiriendo cierta formaci\u00f3n o conocimiento sobre la fisonom\u00eda y el comportamiento. Es un buen ejercicio mental.<\/p>\n<p>&nbsp;<\/p>\n<p style=\"text-align: justify;\"><strong>4) Rompecabezas:<\/strong><\/p>\n<p style=\"text-align: justify;\">Identificar aves es un reto l\u00f3gico que exige memoria e intuici\u00f3n. A veces es como un rompecabezas porque tienes que usar visiones parciales y r\u00e1pidas para definir de qu\u00e9 especie se trata.<\/p>\n<p>&nbsp;<\/p>\n<p style=\"text-align: justify;\"><strong>5) Coleccionismo:<\/strong><\/p>\n<p style=\"text-align: justify;\">Tambi\u00e9n es una forma de coleccionismo, un deseo de a\u00f1adir nuevas especies y experiencias que resultan estimulantes para todo coleccionista.<\/p>\n<p>&nbsp;<\/p>\n<p style=\"text-align: justify;\"><strong>6) Efecto unicornio:<\/strong><\/p>\n<p style=\"text-align: justify;\">Y por \u00faltimo, lo que denominan efecto unicornio: sabes que una especie existe porque la has visto en los libros pero no sabes si es real o no. Cuando por fin la observas el campo es como encontrarte un unicornio, \u00a1es de verdad!, \u00a1existe!.<\/p>\n<p>&nbsp;<\/p>\n<p>&nbsp;<\/p>\n","protected":false},"excerpt":{"rendered":"<p>El proyecto OCA persigue el objetivo de aficionarse a la gente a la actividad de observar y clasificar p\u00e1jaros. Es decir, a lo que los pa\u00edses de habla inglesa llaman &#8220;birdwatching&#8221; o &#8220;birding&#8220;. Se trata de mostrar una manera nueva de disfrutar los paseos por la naturaleza, en familia, con amigos o solo, mediante la [&hellip;]<\/p>\n","protected":false},"author":1,"featured_media":0,"parent":0,"menu_order":0,"comment_status":"closed","ping_status":"closed","template":"","meta":{"footnotes":""},"class_list":["post-1139","page","type-page","status-publish","hentry","clearfix"],"_links":{"self":[{"href":"https:\/\/svornitologia.org\/es\/wp-json\/wp\/v2\/pages\/1139","targetHints":{"allow":["GET"]}}],"collection":[{"href":"https:\/\/svornitologia.org\/es\/wp-json\/wp\/v2\/pages"}],"about":[{"href":"https:\/\/svornitologia.org\/es\/wp-json\/wp\/v2\/types\/page"}],"author":[{"embeddable":true,"href":"https:\/\/svornitologia.org\/es\/wp-json\/wp\/v2\/users\/1"}],"replies":[{"embeddable":true,"href":"https:\/\/svornitologia.org\/es\/wp-json\/wp\/v2\/comments?post=1139"}],"version-history":[{"count":0,"href":"https:\/\/svornitologia.org\/es\/wp-json\/wp\/v2\/pages\/1139\/revisions"}],"wp:attachment":[{"href":"https:\/\/svornitologia.org\/es\/wp-json\/wp\/v2\/media?parent=1139"}],"curies":[{"name":"wp","href":"https:\/\/api.w.org\/{rel}","templated":true}]}}