{"id":1138,"date":"2018-05-08T16:57:44","date_gmt":"2018-05-08T16:57:44","guid":{"rendered":"https:\/\/svornitologia.org\/?page_id=1138"},"modified":"2025-12-05T13:42:52","modified_gmt":"2025-12-05T12:42:52","slug":"mussols","status":"publish","type":"page","link":"https:\/\/svornitologia.org\/es\/mussols\/","title":{"rendered":"PROJECTE MUSSOLS"},"content":{"rendered":"<p>Proyecto integral de estudio, divulgaci\u00f3n y sobre todo la realizaci\u00f3n de actuaciones directas para la conservaci\u00f3n de rapaces nocturnas en la Comunitat Valenciana.<\/p>\n<p style=\"text-align: center;\"><span style=\"color: #339966;\"><strong>PAGINA EN CONSTRUCCI\u00d3N<\/strong><\/span><\/p>\n<p>&nbsp;<\/p>\n<p>A continuaci\u00f3n marcamos algunos de los hitos importante del proyecto, no obstante la p\u00e1gina est\u00e1 en construcci\u00f3n. Iremos actualizando la web y a\u00f1adiendo m\u00e1s informaci\u00f3n.<\/p>\n<p>&nbsp;<\/p>\n<ul>\n<li><strong>LECHUZAS:<\/strong><\/li>\n<\/ul>\n<p>Liberaciones en l\u2019Horta de Val\u00e8ncia desde 2010 mediante la t\u00e9cnica hacking (80 ejemplares).<\/p>\n<p>Muestreos de esta especie en L\u2019Horta Nord, con m\u00e1s de 40 puntos y la participaci\u00f3n de m\u00e1s de 50 voluntarios\/as.<\/p>\n<p>Instalaci\u00f3n en la comarca de m\u00e1s de 20 cajas nido.<\/p>\n<p>Educaci\u00f3n ambiental: m\u00e1s de 50 acciones.<\/p>\n<p>Elaboraci\u00f3n de d\u00edpticos y p\u00f3sters para congresos.<\/p>\n<p><img loading=\"lazy\" decoding=\"async\" class=\"size-medium wp-image-1298 aligncenter\" src=\"https:\/\/svornitologia.org\/wp-content\/uploads\/2018\/05\/Mussols2-300x200.jpg\" alt=\"\" width=\"300\" height=\"200\" srcset=\"https:\/\/svornitologia.org\/wp-content\/uploads\/2018\/05\/Mussols2-300x200.jpg 300w, https:\/\/svornitologia.org\/wp-content\/uploads\/2018\/05\/Mussols2-768x512.jpg 768w, https:\/\/svornitologia.org\/wp-content\/uploads\/2018\/05\/Mussols2.jpg 960w\" sizes=\"auto, (max-width: 300px) 100vw, 300px\" \/><\/p>\n<p>&nbsp;<\/p>\n<ul>\n<li><strong>MOCHUELO:<\/strong><\/li>\n<\/ul>\n<p>Liberaciones desde 2014 mediante la t\u00e9cnica hacking (84 ejemplares).<\/p>\n<p>Estudio sobre la determinaci\u00f3n del sexo por biometr\u00eda en el mochuelo.<\/p>\n<p>Proyecto de Innovaci\u00f3n Educativa \u201cProyecto Mochuelva\u201d &#8211; IES Alto Turia de Chelva (Valencia).<\/p>\n<p><img loading=\"lazy\" decoding=\"async\" class=\"size-medium wp-image-2901 aligncenter\" src=\"https:\/\/svornitologia.org\/wp-content\/uploads\/2019\/12\/sexadoMussols-300x242.jpg\" alt=\"Muchuelos SVO\" width=\"300\" height=\"242\" srcset=\"https:\/\/svornitologia.org\/wp-content\/uploads\/2019\/12\/sexadoMussols-300x242.jpg 300w, https:\/\/svornitologia.org\/wp-content\/uploads\/2019\/12\/sexadoMussols.jpg 736w\" sizes=\"auto, (max-width: 300px) 100vw, 300px\" \/><\/p>\n<p>&nbsp;<\/p>\n<ul>\n<li><strong>AUTILLO Y OTRAS AVES NOCTURNAS:<\/strong><\/li>\n<\/ul>\n<p>Colocaci\u00f3n de m\u00e1s de 30 cajas nido espec\u00edficas para el Autillo en el Parc Natural del T\u00faria.<\/p>\n<p>Colaboraci\u00f3n con la entidad conservacionista ANSE en un proyecto sobre la fenolog\u00eda del paso migratorio de chotacabras europeo y cuellirrojo por L\u2019Albufera.<\/p>\n<p><img loading=\"lazy\" decoding=\"async\" class=\"size-medium wp-image-2902 aligncenter\" src=\"https:\/\/svornitologia.org\/wp-content\/uploads\/2019\/12\/tallerautillos-300x219.jpg\" alt=\"Taller SVO\" width=\"300\" height=\"219\" srcset=\"https:\/\/svornitologia.org\/wp-content\/uploads\/2019\/12\/tallerautillos-300x219.jpg 300w, https:\/\/svornitologia.org\/wp-content\/uploads\/2019\/12\/tallerautillos.jpg 637w\" sizes=\"auto, (max-width: 300px) 100vw, 300px\" \/><\/p>\n\n\n<p><strong>Email de contacto: mussols@svornitologia.org<\/strong><\/p>\n\n\n\n<div style=\"height:40px\" aria-hidden=\"true\" class=\"wp-block-spacer\"><\/div>\n\n\n\n<h2 class=\"wp-block-heading has-text-align-center\">Proyecto Ca Mussols &#8211; <a href=\"https:\/\/drive.google.com\/file\/d\/1BvGQRvJedoVxLi1yqrakiV5NRnc4QO_n\/view?usp=sharing\" data-type=\"link\" data-id=\"https:\/\/drive.google.com\/file\/d\/1BvGQRvJedoVxLi1yqrakiV5NRnc4QO_n\/view?usp=sharing\" target=\"_blank\" rel=\"noreferrer noopener\">descarga la memoria<\/a><\/h2>\n\n\n\n<div style=\"height:40px\" aria-hidden=\"true\" class=\"wp-block-spacer\"><\/div>\n","protected":false},"excerpt":{"rendered":"<p>Proyecto integral de estudio, divulgaci\u00f3n y sobre todo la realizaci\u00f3n de actuaciones directas para la conservaci\u00f3n de rapaces nocturnas en la Comunitat Valenciana. PAGINA EN CONSTRUCCI\u00d3N &nbsp; A continuaci\u00f3n marcamos algunos de los hitos importante del proyecto, no obstante la p\u00e1gina est\u00e1 en construcci\u00f3n. Iremos actualizando la web y a\u00f1adiendo m\u00e1s informaci\u00f3n. &nbsp; LECHUZAS: Liberaciones [&hellip;]<\/p>\n","protected":false},"author":1,"featured_media":0,"parent":0,"menu_order":0,"comment_status":"closed","ping_status":"closed","template":"","meta":{"footnotes":""},"class_list":["post-1138","page","type-page","status-publish","hentry","clearfix"],"_links":{"self":[{"href":"https:\/\/svornitologia.org\/es\/wp-json\/wp\/v2\/pages\/1138","targetHints":{"allow":["GET"]}}],"collection":[{"href":"https:\/\/svornitologia.org\/es\/wp-json\/wp\/v2\/pages"}],"about":[{"href":"https:\/\/svornitologia.org\/es\/wp-json\/wp\/v2\/types\/page"}],"author":[{"embeddable":true,"href":"https:\/\/svornitologia.org\/es\/wp-json\/wp\/v2\/users\/1"}],"replies":[{"embeddable":true,"href":"https:\/\/svornitologia.org\/es\/wp-json\/wp\/v2\/comments?post=1138"}],"version-history":[{"count":9,"href":"https:\/\/svornitologia.org\/es\/wp-json\/wp\/v2\/pages\/1138\/revisions"}],"predecessor-version":[{"id":3971,"href":"https:\/\/svornitologia.org\/es\/wp-json\/wp\/v2\/pages\/1138\/revisions\/3971"}],"wp:attachment":[{"href":"https:\/\/svornitologia.org\/es\/wp-json\/wp\/v2\/media?parent=1138"}],"curies":[{"name":"wp","href":"https:\/\/api.w.org\/{rel}","templated":true}]}}