{"id":1135,"date":"2018-05-08T16:56:51","date_gmt":"2018-05-08T16:56:51","guid":{"rendered":"https:\/\/svornitologia.org\/?page_id=1135"},"modified":"2026-01-21T20:59:25","modified_gmt":"2026-01-21T19:59:25","slug":"atlas-de-las-aves-de-valencia","status":"publish","type":"page","link":"https:\/\/svornitologia.org\/es\/atlas-de-las-aves-de-valencia\/","title":{"rendered":"Atles dels Ocells de Val\u00e8ncia"},"content":{"rendered":"<p>\ud83d\udcda\u00a0<strong>COM ACONSEGUIR L&#8217;ATLES DELS OCELLS DE VAL\u00c8NCIA<\/strong><\/p>\n<p>L&#8217;atles recull en les seues m\u00e9s de 800 p\u00e0gines, informaci\u00f3 de totes les aus citades fins al moment en la <strong>prov\u00edncia de Val\u00e8ncia<\/strong>, Fitxes amb l&#8217;ecologia de l&#8217;esp\u00e8cie, mapes de distribuci\u00f3, etc. Es tracta d&#8217;un llibre <strong>escrit \u00edntegrament en valenci\u00e0<\/strong>.<\/p>\n<p>\ud83d\udcb0 El preu de venda al p\u00fablic \u00e9s de <strong>50 \u20ac per a les persones s\u00f2cies de la SVO i 65 \u20ac per a les no s\u00f2cies<\/strong>.<\/p>\n<p>T\u2019indiquem les diferents opcions per a<strong> l\u2019ADQUISICI\u00d3<\/strong>:<\/p>\n<p>\u2705 Pots passar personalment a recollir-lo a la <strong>nostra seu social<\/strong> (C\/ Pintor Vel\u00e1zquez, 3. Burjassot) els DIMECRES de\u00a018:00h a 20:00h<\/p>\n<p>\u2705 Pots demanar que te l&#8217;enviem a casa. En eixe cas caldr\u00e0 que afegisques <strong>5 \u20ac addicionals<\/strong> de despeses d&#8217;enviament per missatgeria.<\/p>\n<p>Primer de tot, has de realitzar el pagament mitjan\u00e7ant\u00a0 <strong>transfer\u00e8ncia banc\u00e0ria<\/strong> al n\u00famero de compte de la Societat Valenciana d\u2019Ornitologia (Caixa Popular, IBAN ES94 3159 0011 1827 9749 1723, indicant al concepte ATLES + NOM I COGNOMS).<\/p>\n<p>Posteriorment, <strong>haur\u00e0s d&#8217;omplir el seg\u00fcent formulari<\/strong>, on podr\u00e0s adjuntar el justificant de pagament.<\/p>\n<p><strong><a href=\"https:\/\/docs.google.com\/forms\/d\/e\/1FAIpQLSdSyvCQPfox-939CqMiNDbpeAHfIFqOqf-J1WAlT3WvXQ4K-g\/viewform?usp=sf_link\" target=\"_blank\" rel=\"noopener\">FORMULARI (CLICK PER ACCEDIR)<\/a><\/strong>.<\/p>\n<p>Si, per alguna ra\u00f3, realitzes pagament telem\u00e0tic i decideixes recollir el llibre al local, indica-ho a les observacions del formulari, per favor.<\/p>\n<div class=\"yiv3417592824gmail_default\">\u00a0<\/div>\n<p style=\"text-align: justify;\">\u00a0<\/p>\n\n\n<p><\/p>\n","protected":false},"excerpt":{"rendered":"<p>\ud83d\udcda\u00a0COM ACONSEGUIR L&#8217;ATLES DELS OCELLS DE VAL\u00c8NCIA L&#8217;atles recull en les seues m\u00e9s de 800 p\u00e0gines, informaci\u00f3 de totes les aus citades fins al moment en la prov\u00edncia de Val\u00e8ncia, Fitxes amb l&#8217;ecologia de l&#8217;esp\u00e8cie, mapes de distribuci\u00f3, etc. Es tracta d&#8217;un llibre escrit \u00edntegrament en valenci\u00e0. \ud83d\udcb0 El preu de venda al p\u00fablic \u00e9s [&hellip;]<\/p>\n","protected":false},"author":1,"featured_media":0,"parent":0,"menu_order":0,"comment_status":"closed","ping_status":"closed","template":"","meta":{"footnotes":""},"class_list":["post-1135","page","type-page","status-publish","hentry","clearfix"],"_links":{"self":[{"href":"https:\/\/svornitologia.org\/es\/wp-json\/wp\/v2\/pages\/1135","targetHints":{"allow":["GET"]}}],"collection":[{"href":"https:\/\/svornitologia.org\/es\/wp-json\/wp\/v2\/pages"}],"about":[{"href":"https:\/\/svornitologia.org\/es\/wp-json\/wp\/v2\/types\/page"}],"author":[{"embeddable":true,"href":"https:\/\/svornitologia.org\/es\/wp-json\/wp\/v2\/users\/1"}],"replies":[{"embeddable":true,"href":"https:\/\/svornitologia.org\/es\/wp-json\/wp\/v2\/comments?post=1135"}],"version-history":[{"count":27,"href":"https:\/\/svornitologia.org\/es\/wp-json\/wp\/v2\/pages\/1135\/revisions"}],"predecessor-version":[{"id":4052,"href":"https:\/\/svornitologia.org\/es\/wp-json\/wp\/v2\/pages\/1135\/revisions\/4052"}],"wp:attachment":[{"href":"https:\/\/svornitologia.org\/es\/wp-json\/wp\/v2\/media?parent=1135"}],"curies":[{"name":"wp","href":"https:\/\/api.w.org\/{rel}","templated":true}]}}